{"id":659,"date":"2026-04-28T17:54:21","date_gmt":"2026-04-28T15:54:21","guid":{"rendered":"https:\/\/aloeveraymas.com\/blog\/?page_id=659"},"modified":"2026-04-28T20:50:58","modified_gmt":"2026-04-28T18:50:58","slug":"659-2","status":"publish","type":"page","link":"https:\/\/aloeveraymas.com\/blog\/","title":{"rendered":""},"content":{"rendered":"<p>[et_pb_section fb_built=\u00bb1&#8243; fullwidth=\u00bbon\u00bb admin_label=\u00bbJS: This code wraps the title and caption in a container to allow for better positioning. You can leave it here or move to Divi > Theme Options > Integration > Add to head\u00bb _builder_version=\u00bb4.16&#8243; custom_padding=\u00bb0|0px|0px|0px|false|false\u00bb locked=\u00bboff\u00bb global_colors_info=\u00bb{}\u00bb][et_pb_fullwidth_code admin_label=\u00bbCSS: You can leave this here or move the code between the style tags to your child theme stylehseet or Divi > Theme Options > General > Custom CSS\u00bb _builder_version=\u00bb4.19.4&#8243; global_colors_info=\u00bb{}\u00bb]<\/p>\n<style><!-- [et_pb_line_break_holder] -->\/* CSS Grid Blog Layout - Aloeveraymas *\/<!-- [et_pb_line_break_holder] --><!-- [et_pb_line_break_holder] -->:root {<!-- [et_pb_line_break_holder] -->  --ds-white: #ffffff;<!-- [et_pb_line_break_holder] -->  --ds-grid-2-item: 250px;<!-- [et_pb_line_break_holder] -->  --ds-grid-gap: 30px;<!-- [et_pb_line_break_holder] -->  --ds-title-background: rgba(0, 0, 0, .28);<!-- [et_pb_line_break_holder] -->}<!-- [et_pb_line_break_holder] --><!-- [et_pb_line_break_holder] -->.ds-grid-blog .et_pb_post {<!-- [et_pb_line_break_holder] -->  display: flex;<!-- [et_pb_line_break_holder] -->  margin-bottom: 0;<!-- [et_pb_line_break_holder] -->}<!-- [et_pb_line_break_holder] --><!-- [et_pb_line_break_holder] -->.ds-grid-blog-2 .et_pb_post {<!-- [et_pb_line_break_holder] -->  flex-direction: column;<!-- [et_pb_line_break_holder] -->}<!-- [et_pb_line_break_holder] --><!-- [et_pb_line_break_holder] -->.ds-grid-blog-content {<!-- [et_pb_line_break_holder] -->  display: flex;<!-- [et_pb_line_break_holder] -->  flex-direction: column;<!-- [et_pb_line_break_holder] -->  background: var(--ds-white);<!-- [et_pb_line_break_holder] -->}<!-- [et_pb_line_break_holder] --><!-- [et_pb_line_break_holder] -->.ds-grid-blog .entry-featured-image-url {<!-- [et_pb_line_break_holder] -->  margin-bottom: 0;<!-- [et_pb_line_break_holder] -->  height: 100%;<!-- [et_pb_line_break_holder] -->  width: auto;<!-- [et_pb_line_break_holder] -->}<!-- [et_pb_line_break_holder] --><!-- [et_pb_line_break_holder] -->.ds-grid-blog .et_pb_post a img {<!-- [et_pb_line_break_holder] -->  height: 100%;<!-- [et_pb_line_break_holder] -->  object-fit: cover;<!-- [et_pb_line_break_holder] -->}<!-- [et_pb_line_break_holder] --><!-- [et_pb_line_break_holder] -->.ds-grid-blog a.more-link {<!-- [et_pb_line_break_holder] -->  display: initial;<!-- [et_pb_line_break_holder] -->}<!-- [et_pb_line_break_holder] --><!-- [et_pb_line_break_holder] -->.ds-grid-blog .post-content p {<!-- [et_pb_line_break_holder] -->  margin-bottom: 20px;<!-- [et_pb_line_break_holder] -->}<!-- [et_pb_line_break_holder] --><!-- [et_pb_line_break_holder] -->.ds-grid-blog .pagination {<!-- [et_pb_line_break_holder] -->  grid-column: 1\/-1;<!-- [et_pb_line_break_holder] -->}<!-- [et_pb_line_break_holder] --><!-- [et_pb_line_break_holder] -->.ds-grid-blog-1 .et_pb_ajax_pagination_container {<!-- [et_pb_line_break_holder] -->  display: grid;<!-- [et_pb_line_break_holder] -->  grid-template-columns: repeat(2, 1fr);<!-- [et_pb_line_break_holder] -->  grid-gap: var(--ds-grid-gap);<!-- [et_pb_line_break_holder] -->}<!-- [et_pb_line_break_holder] --><!-- [et_pb_line_break_holder] -->.ds-grid-blog-2 .et_pb_ajax_pagination_container {<!-- [et_pb_line_break_holder] -->  display: grid;<!-- [et_pb_line_break_holder] -->  grid-template-columns: repeat(auto-fill, minmax(var(--ds-grid-2-item), 1fr));<!-- [et_pb_line_break_holder] -->  grid-gap: var(--ds-grid-gap);<!-- [et_pb_line_break_holder] -->}<!-- [et_pb_line_break_holder] --><!-- [et_pb_line_break_holder] -->.ds-grid-blog-1 .et_pb_post:first-child {<!-- [et_pb_line_break_holder] -->  grid-column: 1 \/ -1;<!-- [et_pb_line_break_holder] -->}<!-- [et_pb_line_break_holder] --><!-- [et_pb_line_break_holder] -->.ds-grid-blog-1 .et_pb_post:nth-child(2) {<!-- [et_pb_line_break_holder] -->  grid-column: 1 \/ 2;<!-- [et_pb_line_break_holder] -->  position: relative;<!-- [et_pb_line_break_holder] -->  overflow: hidden;<!-- [et_pb_line_break_holder] -->}<!-- [et_pb_line_break_holder] --><!-- [et_pb_line_break_holder] -->.ds-grid-blog-1 .et_pb_post:nth-child(3) {<!-- [et_pb_line_break_holder] -->  grid-column: 2 \/ 3;<!-- [et_pb_line_break_holder] -->  position: relative;<!-- [et_pb_line_break_holder] -->  overflow: hidden;<!-- [et_pb_line_break_holder] -->}<!-- [et_pb_line_break_holder] --><!-- [et_pb_line_break_holder] -->\/* Primer post *\/<!-- [et_pb_line_break_holder] -->.ds-grid-blog-1 .et_pb_post:first-child .ds-grid-blog-content {<!-- [et_pb_line_break_holder] -->  width: 60%;<!-- [et_pb_line_break_holder] -->  padding: 30px;<!-- [et_pb_line_break_holder] -->  justify-content: space-between;<!-- [et_pb_line_break_holder] -->}<!-- [et_pb_line_break_holder] --><!-- [et_pb_line_break_holder] -->\/* SOLO posts 2 y 3 con overlay *\/<!-- [et_pb_line_break_holder] -->.ds-grid-blog-1 .et_pb_post:nth-child(2) .ds-grid-blog-content,<!-- [et_pb_line_break_holder] -->.ds-grid-blog-1 .et_pb_post:nth-child(3) .ds-grid-blog-content {<!-- [et_pb_line_break_holder] -->  background: var(--ds-title-background);<!-- [et_pb_line_break_holder] -->  position: absolute;<!-- [et_pb_line_break_holder] -->  left: 0;<!-- [et_pb_line_break_holder] -->  right: 0;<!-- [et_pb_line_break_holder] -->  bottom: 0;<!-- [et_pb_line_break_holder] -->  min-height: 78px;<!-- [et_pb_line_break_holder] -->  align-items: center;<!-- [et_pb_line_break_holder] -->  justify-content: center;<!-- [et_pb_line_break_holder] -->  padding: 12px 16px;<!-- [et_pb_line_break_holder] -->  text-align: center;<!-- [et_pb_line_break_holder] -->  z-index: 2;<!-- [et_pb_line_break_holder] -->}<!-- [et_pb_line_break_holder] --><!-- [et_pb_line_break_holder] -->.ds-grid-blog-1 .et_pb_post:nth-child(2) .entry-title,<!-- [et_pb_line_break_holder] -->.ds-grid-blog-1 .et_pb_post:nth-child(3) .entry-title {<!-- [et_pb_line_break_holder] -->  font-size: 140% !important;<!-- [et_pb_line_break_holder] -->  line-height: 1.22 !important;<!-- [et_pb_line_break_holder] -->  margin: 0 0 6px 0 !important;<!-- [et_pb_line_break_holder] -->}<!-- [et_pb_line_break_holder] --><!-- [et_pb_line_break_holder] -->.ds-grid-blog-1 .et_pb_post:nth-child(2) .entry-title a,<!-- [et_pb_line_break_holder] -->.ds-grid-blog-1 .et_pb_post:nth-child(3) .entry-title a,<!-- [et_pb_line_break_holder] -->.ds-grid-blog-1 .et_pb_post:nth-child(2) .post-meta,<!-- [et_pb_line_break_holder] -->.ds-grid-blog-1 .et_pb_post:nth-child(3) .post-meta,<!-- [et_pb_line_break_holder] -->.ds-grid-blog-1 .et_pb_post:nth-child(2) .post-meta a,<!-- [et_pb_line_break_holder] -->.ds-grid-blog-1 .et_pb_post:nth-child(3) .post-meta a {<!-- [et_pb_line_break_holder] -->  color: var(--ds-white) !important;<!-- [et_pb_line_break_holder] -->}<!-- [et_pb_line_break_holder] --><!-- [et_pb_line_break_holder] -->.ds-grid-blog-1 .et_pb_post:nth-child(2) .post-meta,<!-- [et_pb_line_break_holder] -->.ds-grid-blog-1 .et_pb_post:nth-child(3) .post-meta {<!-- [et_pb_line_break_holder] -->  font-size: 10px;<!-- [et_pb_line_break_holder] -->  line-height: 1.3;<!-- [et_pb_line_break_holder] -->  margin: 0;<!-- [et_pb_line_break_holder] -->}<!-- [et_pb_line_break_holder] --><!-- [et_pb_line_break_holder] -->\/* Ocultar extracto solo posts 2 y 3 + posts inferiores *\/<!-- [et_pb_line_break_holder] -->.ds-grid-blog-1 .et_pb_post:nth-child(2) .post-content,<!-- [et_pb_line_break_holder] -->.ds-grid-blog-1 .et_pb_post:nth-child(3) .post-content,<!-- [et_pb_line_break_holder] -->.ds-grid-blog-2 .et_pb_post .post-content p {<!-- [et_pb_line_break_holder] -->  display: none;<!-- [et_pb_line_break_holder] -->}<!-- [et_pb_line_break_holder] --><!-- [et_pb_line_break_holder] -->\/* Posts inferiores *\/<!-- [et_pb_line_break_holder] -->.ds-grid-blog-2 .et_pb_post .ds-grid-blog-content {<!-- [et_pb_line_break_holder] -->  padding: 30px;<!-- [et_pb_line_break_holder] -->  display: flex;<!-- [et_pb_line_break_holder] -->  justify-content: space-between;<!-- [et_pb_line_break_holder] -->  height: 100%;<!-- [et_pb_line_break_holder] -->}<!-- [et_pb_line_break_holder] --><!-- [et_pb_line_break_holder] -->.ds-grid-blog-2 .et_pb_post .entry-title {<!-- [et_pb_line_break_holder] -->  min-height: 72px;<!-- [et_pb_line_break_holder] -->  margin-bottom: 18px;<!-- [et_pb_line_break_holder] -->  line-height: 1.25;<!-- [et_pb_line_break_holder] -->}<!-- [et_pb_line_break_holder] --><!-- [et_pb_line_break_holder] -->.ds-grid-blog-2 .entry-title a {<!-- [et_pb_line_break_holder] -->  color: #4E7C63 !important;<!-- [et_pb_line_break_holder] -->  line-height: 1.25;<!-- [et_pb_line_break_holder] -->}<!-- [et_pb_line_break_holder] --><!-- [et_pb_line_break_holder] -->.ds-grid-blog-2 .et_pb_post .post-content {<!-- [et_pb_line_break_holder] -->  margin-top: auto;<!-- [et_pb_line_break_holder] -->}<!-- [et_pb_line_break_holder] --><!-- [et_pb_line_break_holder] -->\/* Links *\/<!-- [et_pb_line_break_holder] -->.ds-grid-blog a.more-link,<!-- [et_pb_line_break_holder] -->.ds-grid-blog .pagination a,<!-- [et_pb_line_break_holder] -->.pagination a,<!-- [et_pb_line_break_holder] -->.nav-previous a,<!-- [et_pb_line_break_holder] -->.nav-next a,<!-- [et_pb_line_break_holder] -->.wp-pagenavi a,<!-- [et_pb_line_break_holder] -->.et_pb_posts_nav a {<!-- [et_pb_line_break_holder] -->  color: #4E7C63 !important;<!-- [et_pb_line_break_holder] -->}<!-- [et_pb_line_break_holder] --><!-- [et_pb_line_break_holder] -->.ds-grid-blog a.more-link.et_pb_button {<!-- [et_pb_line_break_holder] -->  background: #4E7C63 !important;<!-- [et_pb_line_break_holder] -->  border-color: #4E7C63 !important;<!-- [et_pb_line_break_holder] -->  color: #fff !important;<!-- [et_pb_line_break_holder] -->  border-radius: 30px;<!-- [et_pb_line_break_holder] -->  font-size: 11px;<!-- [et_pb_line_break_holder] -->  padding: 6px 14px !important;<!-- [et_pb_line_break_holder] -->}<!-- [et_pb_line_break_holder] --><!-- [et_pb_line_break_holder] -->\/* Mobile *\/<!-- [et_pb_line_break_holder] -->@media all and (max-width:980px) {<!-- [et_pb_line_break_holder] -->  .ds-grid-blog-1 .et_pb_post:first-child {<!-- [et_pb_line_break_holder] -->    flex-direction: column;<!-- [et_pb_line_break_holder] -->  }<!-- [et_pb_line_break_holder] --><!-- [et_pb_line_break_holder] -->  .ds-grid-blog-1 .et_pb_post:first-child .ds-grid-blog-content {<!-- [et_pb_line_break_holder] -->    width: 100%;<!-- [et_pb_line_break_holder] -->  }<!-- [et_pb_line_break_holder] --><!-- [et_pb_line_break_holder] -->  .ds-grid-blog-1 .et_pb_post {<!-- [et_pb_line_break_holder] -->    grid-column: 1 \/ -1 !important;<!-- [et_pb_line_break_holder] -->  }<!-- [et_pb_line_break_holder] -->}<!-- [et_pb_line_break_holder] --><\/style>\n<p>[\/et_pb_fullwidth_code][et_pb_fullwidth_code disabled_on=\u00bboff|off|on\u00bb admin_label=\u00bbJS: You can leave it here or move to Divi > Theme Options > Integration > Add to head\u00bb _builder_version=\u00bb4.19.4&#8243; global_colors_info=\u00bb{}\u00bb]<script><!-- [et_pb_line_break_holder] -->(function ($) {<!-- [et_pb_line_break_holder] -->  function dsGridBlogLayout() {<!-- [et_pb_line_break_holder] -->    $(\".ds-grid-blog .et_pb_post\").each(function () {<!-- [et_pb_line_break_holder] -->      var $post = $(this);<!-- [et_pb_line_break_holder] --><!-- [et_pb_line_break_holder] -->      if (!$post.find(\".ds-grid-blog-image\").length) {<!-- [et_pb_line_break_holder] -->        $post.find(\".entry-featured-image-url\").wrapAll('<\/p>\n<div class=\"ds-grid-blog-image\"><\/div>\n<p>');<!-- [et_pb_line_break_holder] -->      }<!-- [et_pb_line_break_holder] --><!-- [et_pb_line_break_holder] -->      if (!$post.find(\".ds-grid-blog-content\").length) {<!-- [et_pb_line_break_holder] -->        $post.find(\".entry-title, .post-meta, .post-content\").wrapAll('<\/p>\n<div class=\"ds-grid-blog-content\"><\/div>\n<p>');<!-- [et_pb_line_break_holder] -->      }<!-- [et_pb_line_break_holder] --><!-- [et_pb_line_break_holder] -->      $post.find(\".post-meta\").insertBefore($post.find(\".entry-title\"));<!-- [et_pb_line_break_holder] -->      $post.find(\"a.more-link\").addClass(\"et_pb_button\");<!-- [et_pb_line_break_holder] -->    });<!-- [et_pb_line_break_holder] -->  }<!-- [et_pb_line_break_holder] --><!-- [et_pb_line_break_holder] -->  $(document).ready(function () {<!-- [et_pb_line_break_holder] -->    dsGridBlogLayout();<!-- [et_pb_line_break_holder] -->  });<!-- [et_pb_line_break_holder] --><!-- [et_pb_line_break_holder] -->  $(document).ajaxComplete(function () {<!-- [et_pb_line_break_holder] -->    dsGridBlogLayout();<!-- [et_pb_line_break_holder] -->  });<!-- [et_pb_line_break_holder] -->})(jQuery);<!-- [et_pb_line_break_holder] --><\/script>[\/et_pb_fullwidth_code][\/et_pb_section][et_pb_section fb_built=\u00bb1&#8243; module_class=\u00bbavm-product-cta-section\u00bb _builder_version=\u00bb4.19.4&#8243; background_color=\u00bb#f5f5f5&#8243; custom_margin=\u00bb0px||||false|false\u00bb custom_padding=\u00bb0px||||false|false\u00bb locked=\u00bboff\u00bb global_colors_info=\u00bb{}\u00bb][et_pb_row module_class=\u00bbds-blog-grid-row\u00bb _builder_version=\u00bb4.16&#8243; global_colors_info=\u00bb{}\u00bb][et_pb_column type=\u00bb4_4&#8243; _builder_version=\u00bb4.16&#8243; custom_padding=\u00bb|||\u00bb global_colors_info=\u00bb{}\u00bb custom_padding__hover=\u00bb|||\u00bb][et_pb_blog posts_number=\u00bb3&#8243; show_more=\u00bbon\u00bb show_author=\u00bboff\u00bb show_pagination=\u00bboff\u00bb admin_label=\u00bbBlog &#8211; First 3 posts\u00bb module_class=\u00bbds-grid-blog ds-grid-blog-1&#8243; _builder_version=\u00bb4.19.4&#8243; header_font=\u00bbPlayfair Display|700|||||||\u00bb header_font_size=\u00bb35px\u00bb header_line_height=\u00bb1.2em\u00bb body_line_height=\u00bb2em\u00bb meta_font=\u00bb|600||on|||||\u00bb meta_text_color=\u00bb#8c8c8c\u00bb meta_font_size=\u00bb10px\u00bb meta_letter_spacing=\u00bb3px\u00bb custom_margin=\u00bb||30px|\u00bb global_colors_info=\u00bb{}\u00bb]\u00a0[\/et_pb_blog][\/et_pb_column][\/et_pb_row][et_pb_row column_structure=\u00bb1_3,1_3,1_3&#8243; module_class=\u00bbavm-product-cta\u00bb _builder_version=\u00bb4.19.4&#8243; _module_preset=\u00bbdefault\u00bb background_color=\u00bb#FFFFFF\u00bb custom_margin=\u00bb||||false|false\u00bb border_radii=\u00bbon|1px|1px|1px|1px\u00bb box_shadow_style=\u00bbpreset1&#8243; box_shadow_vertical=\u00bb1px\u00bb box_shadow_blur=\u00bb5px\u00bb global_colors_info=\u00bb{}\u00bb][et_pb_column type=\u00bb1_3&#8243; _builder_version=\u00bb4.19.4&#8243; _module_preset=\u00bbdefault\u00bb global_colors_info=\u00bb{}\u00bb][et_pb_image src=\u00bbhttps:\/\/aloeveraymas.com\/blog\/wp-content\/uploads\/2026\/04\/B00EO3GM2Y.MAIN_.jpeg\u00bb title_text=\u00bbB00EO3GM2Y.MAIN\u00bb url=\u00bbhttps:\/\/aloeveraymas.com\/es\/40140-gel-de-aloe-vera-100-puro-hidratante-y-calmante-250-ml-8436024811445.html\u00bb _builder_version=\u00bb4.19.4&#8243; _module_preset=\u00bbdefault\u00bb global_colors_info=\u00bb{}\u00bb][\/et_pb_image][et_pb_text admin_label=\u00bbNombre producto\u00bb _builder_version=\u00bb4.19.4&#8243; _module_preset=\u00bbdefault\u00bb hover_enabled=\u00bb0&#8243; global_colors_info=\u00bb{}\u00bb sticky_enabled=\u00bb0&#8243;]<\/p>\n<h4><strong>Gel de aloe vera puro de las Islas Canarias 250ml<\/strong><\/h4>\n<p>[\/et_pb_text][et_pb_text admin_label=\u00bbMini descripci\u00f3n\u00bb _builder_version=\u00bb4.19.4&#8243; _module_preset=\u00bbdefault\u00bb global_colors_info=\u00bb{}\u00bb]<strong>Gel de Aloe Vera 100% puro<\/strong>\u00a0es un tratamiento natural multifunci\u00f3n dise\u00f1ado para\u00a0<strong>hidratar, calmar y regenerar la piel<\/strong>\u00a0de forma inmediata.[\/et_pb_text][et_pb_button button_url=\u00bbhttps:\/\/aloeveraymas.com\/es\/40140-gel-de-aloe-vera-100-puro-hidratante-y-calmante-250-ml-8436024811445.html\u00bb button_text=\u00bbVer producto\u00bb _builder_version=\u00bb4.19.4&#8243; _module_preset=\u00bbdefault\u00bb custom_button=\u00bbon\u00bb button_border_width=\u00bb1px\u00bb global_colors_info=\u00bb{}\u00bb][\/et_pb_button][\/et_pb_column][et_pb_column type=\u00bb1_3&#8243; _builder_version=\u00bb4.19.4&#8243; _module_preset=\u00bbdefault\u00bb global_colors_info=\u00bb{}\u00bb][et_pb_image src=\u00bbhttps:\/\/aloeveraymas.com\/blog\/wp-content\/uploads\/2026\/04\/B018BKNAUC.MAIN_.jpg\u00bb title_text=\u00bbB018BKNAUC.MAIN\u00bb url=\u00bbhttps:\/\/aloeveraymas.com\/es\/11320-crema-hidronutritiva-facial-y-corporal-aloerosamosquetavitaminas-250-ml.html\u00bb _builder_version=\u00bb4.19.4&#8243; _module_preset=\u00bbdefault\u00bb global_colors_info=\u00bb{}\u00bb][\/et_pb_image][et_pb_text admin_label=\u00bbNombre producto\u00bb _builder_version=\u00bb4.19.4&#8243; _module_preset=\u00bbdefault\u00bb global_colors_info=\u00bb{}\u00bb]<\/p>\n<h4><strong>Crema corporal. Aloe, Rosa Mosqueta Vit. A, C, E 250ml<br \/>\n<\/strong><\/h4>\n<p>[\/et_pb_text][et_pb_text admin_label=\u00bbMini descripci\u00f3n\u00bb _builder_version=\u00bb4.19.4&#8243; _module_preset=\u00bbdefault\u00bb global_colors_info=\u00bb{}\u00bb]Su funci\u00f3n es <strong>hidratar<\/strong>, <strong>regenerar<\/strong> y aportar vitaminas <strong>antioxidantes<\/strong>. R\u00e1pida absorci\u00f3n y aroma suave y agradable. Indicada tambi\u00e9n para piel escamada.[\/et_pb_text][et_pb_button button_url=\u00bbhttps:\/\/aloeveraymas.com\/es\/11320-crema-hidronutritiva-facial-y-corporal-aloerosamosquetavitaminas-250-ml.html\u00bb button_text=\u00bbVer producto\u00bb _builder_version=\u00bb4.19.4&#8243; _module_preset=\u00bbdefault\u00bb global_colors_info=\u00bb{}\u00bb][\/et_pb_button][\/et_pb_column][et_pb_column type=\u00bb1_3&#8243; _builder_version=\u00bb4.19.4&#8243; _module_preset=\u00bbdefault\u00bb global_colors_info=\u00bb{}\u00bb][et_pb_image src=\u00bbhttps:\/\/aloeveraymas.com\/blog\/wp-content\/uploads\/2026\/04\/160420-MAIN.jpg\u00bb title_text=\u00bb160420-MAIN\u00bb url=\u00bbhttps:\/\/aloeveraymas.com\/es\/160420-45-aloe-confort-gel-de-masaje-con-aloe-vera-y-arnica-alivio-instantaneo-con-efecto-frio-y-calor.html#\/37-tamano-250_ml\u00bb _builder_version=\u00bb4.19.4&#8243; _module_preset=\u00bbdefault\u00bb global_colors_info=\u00bb{}\u00bb][\/et_pb_image][et_pb_text admin_label=\u00bbNombre producto\u00bb _builder_version=\u00bb4.19.4&#8243; _module_preset=\u00bbdefault\u00bb global_colors_info=\u00bb{}\u00bb]<\/p>\n<h4><strong>Aloe Confort &#8211; Gel de Masaje con Aloe Vera y \u00c1rnica<\/strong><\/h4>\n<p>[\/et_pb_text][et_pb_text admin_label=\u00bbMini descripci\u00f3n\u00bb _builder_version=\u00bb4.19.4&#8243; _module_preset=\u00bbdefault\u00bb global_colors_info=\u00bb{}\u00bb]Alivio Instant\u00e1neo con <strong>Efecto Fr\u00edo y Calor<\/strong>. combina las propiedades calmantes del aloe vera con los beneficios antiinflamatorios de la \u00e1rnica[\/et_pb_text][et_pb_button button_url=\u00bbhttps:\/\/aloeveraymas.com\/es\/160420-45-aloe-confort-gel-de-masaje-con-aloe-vera-y-arnica-alivio-instantaneo-con-efecto-frio-y-calor.html#\/37-tamano-250_ml\u00bb button_text=\u00bbVer producto\u00bb _builder_version=\u00bb4.19.4&#8243; _module_preset=\u00bbdefault\u00bb global_colors_info=\u00bb{}\u00bb][\/et_pb_button][\/et_pb_column][\/et_pb_row][et_pb_row module_class=\u00bbds-blog-grid-row\u00bb _builder_version=\u00bb4.16&#8243; global_colors_info=\u00bb{}\u00bb][et_pb_column type=\u00bb4_4&#8243; _builder_version=\u00bb4.16&#8243; custom_padding=\u00bb|||\u00bb global_colors_info=\u00bb{}\u00bb custom_padding__hover=\u00bb|||\u00bb][et_pb_blog posts_number=\u00bb6&#8243; show_more=\u00bbon\u00bb show_author=\u00bboff\u00bb offset_number=\u00bb3&#8243; admin_label=\u00bbBlog &#8211; Remaining posts\u00bb module_class=\u00bbds-grid-blog ds-grid-blog-2&#8243; _builder_version=\u00bb4.16&#8243; header_font=\u00bbPlayfair Display|700|||||||\u00bb header_font_size=\u00bb25px\u00bb header_line_height=\u00bb1.2em\u00bb body_line_height=\u00bb2em\u00bb meta_font=\u00bb|600||on|||||\u00bb meta_text_color=\u00bb#8c8c8c\u00bb meta_font_size=\u00bb10px\u00bb meta_letter_spacing=\u00bb3px\u00bb global_colors_info=\u00bb{}\u00bb]\u00a0[\/et_pb_blog][\/et_pb_column][\/et_pb_row][\/et_pb_section]<\/p>\n","protected":false},"excerpt":{"rendered":"<p>\u00a0Gel de aloe vera puro de las Islas Canarias 250mlGel de Aloe Vera 100% puro\u00a0es un tratamiento natural multifunci\u00f3n dise\u00f1ado para\u00a0hidratar, calmar y regenerar la piel\u00a0de forma inmediata.Crema corporal. Aloe, Rosa Mosqueta Vit. A, C, E 250ml Su funci\u00f3n es hidratar, regenerar y aportar vitaminas antioxidantes. R\u00e1pida absorci\u00f3n y aroma suave y agradable. Indicada tambi\u00e9n [&hellip;]<\/p>\n","protected":false},"author":1,"featured_media":0,"parent":0,"menu_order":0,"comment_status":"closed","ping_status":"closed","template":"","meta":{"_et_pb_use_builder":"on","_et_pb_old_content":"","_et_gb_content_width":"","footnotes":""},"class_list":["post-659","page","type-page","status-publish","hentry"],"_links":{"self":[{"href":"https:\/\/aloeveraymas.com\/blog\/wp-json\/wp\/v2\/pages\/659","targetHints":{"allow":["GET"]}}],"collection":[{"href":"https:\/\/aloeveraymas.com\/blog\/wp-json\/wp\/v2\/pages"}],"about":[{"href":"https:\/\/aloeveraymas.com\/blog\/wp-json\/wp\/v2\/types\/page"}],"author":[{"embeddable":true,"href":"https:\/\/aloeveraymas.com\/blog\/wp-json\/wp\/v2\/users\/1"}],"replies":[{"embeddable":true,"href":"https:\/\/aloeveraymas.com\/blog\/wp-json\/wp\/v2\/comments?post=659"}],"version-history":[{"count":8,"href":"https:\/\/aloeveraymas.com\/blog\/wp-json\/wp\/v2\/pages\/659\/revisions"}],"predecessor-version":[{"id":711,"href":"https:\/\/aloeveraymas.com\/blog\/wp-json\/wp\/v2\/pages\/659\/revisions\/711"}],"wp:attachment":[{"href":"https:\/\/aloeveraymas.com\/blog\/wp-json\/wp\/v2\/media?parent=659"}],"curies":[{"name":"wp","href":"https:\/\/api.w.org\/{rel}","templated":true}]}}