{"id":697,"date":"2026-04-28T17:54:21","date_gmt":"2026-04-28T15:54:21","guid":{"rendered":"https:\/\/aloeveraymas.com\/blog\/697-2\/"},"modified":"2026-04-28T20:54:44","modified_gmt":"2026-04-28T18:54:44","slug":"697-2","status":"publish","type":"page","link":"https:\/\/aloeveraymas.com\/blog\/fr\/","title":{"rendered":""},"content":{"rendered":"<p>[et_pb_section fb_built=\u00a0\u00bb1&Prime; fullwidth=\u00a0\u00bbon\u00a0\u00bb admin_label=\u00a0\u00bbJS: This code wraps the title and caption in a container to allow for better positioning. You can leave it here or move to Divi > Theme Options > Integration > Add to head\u00a0\u00bb _builder_version=\u00a0\u00bb4.16&Prime; custom_padding=\u00a0\u00bb0|0px|0px|0px|false|false\u00a0\u00bb locked=\u00a0\u00bboff\u00a0\u00bb global_colors_info=\u00a0\u00bb{}\u00a0\u00bb][et_pb_fullwidth_code admin_label=\u00a0\u00bbCSS: You can leave this here or move the code between the style tags to your child theme stylehseet or Divi > Theme Options > General > Custom CSS\u00a0\u00bb _builder_version=\u00a0\u00bb4.19.4&Prime; global_colors_info=\u00a0\u00bb{}\u00a0\u00bb]<\/p>\n<style><!-- [et_pb_line_break_holder] -->\/* CSS Grid Blog Layout - Aloeveraymas *\/<!-- [et_pb_line_break_holder] --><!-- [et_pb_line_break_holder] -->:root {<!-- [et_pb_line_break_holder] -->  --ds-white: #ffffff;<!-- [et_pb_line_break_holder] -->  --ds-grid-2-item: 250px;<!-- [et_pb_line_break_holder] -->  --ds-grid-gap: 30px;<!-- [et_pb_line_break_holder] -->  --ds-title-background: rgba(0, 0, 0, .28);<!-- [et_pb_line_break_holder] -->}<!-- [et_pb_line_break_holder] --><!-- [et_pb_line_break_holder] -->.ds-grid-blog .et_pb_post {<!-- [et_pb_line_break_holder] -->  display: flex;<!-- [et_pb_line_break_holder] -->  margin-bottom: 0;<!-- [et_pb_line_break_holder] -->}<!-- [et_pb_line_break_holder] --><!-- [et_pb_line_break_holder] -->.ds-grid-blog-2 .et_pb_post {<!-- [et_pb_line_break_holder] -->  flex-direction: column;<!-- [et_pb_line_break_holder] -->}<!-- [et_pb_line_break_holder] --><!-- [et_pb_line_break_holder] -->.ds-grid-blog-content {<!-- [et_pb_line_break_holder] -->  display: flex;<!-- [et_pb_line_break_holder] -->  flex-direction: column;<!-- [et_pb_line_break_holder] -->  background: var(--ds-white);<!-- [et_pb_line_break_holder] -->}<!-- [et_pb_line_break_holder] --><!-- [et_pb_line_break_holder] -->.ds-grid-blog .entry-featured-image-url {<!-- [et_pb_line_break_holder] -->  margin-bottom: 0;<!-- [et_pb_line_break_holder] -->  height: 100%;<!-- [et_pb_line_break_holder] -->  width: auto;<!-- [et_pb_line_break_holder] -->}<!-- [et_pb_line_break_holder] --><!-- [et_pb_line_break_holder] -->.ds-grid-blog .et_pb_post a img {<!-- [et_pb_line_break_holder] -->  height: 100%;<!-- [et_pb_line_break_holder] -->  object-fit: cover;<!-- [et_pb_line_break_holder] -->}<!-- [et_pb_line_break_holder] --><!-- [et_pb_line_break_holder] -->.ds-grid-blog a.more-link {<!-- [et_pb_line_break_holder] -->  display: initial;<!-- [et_pb_line_break_holder] -->}<!-- [et_pb_line_break_holder] --><!-- [et_pb_line_break_holder] -->.ds-grid-blog .post-content p {<!-- [et_pb_line_break_holder] -->  margin-bottom: 20px;<!-- [et_pb_line_break_holder] -->}<!-- [et_pb_line_break_holder] --><!-- [et_pb_line_break_holder] -->.ds-grid-blog .pagination {<!-- [et_pb_line_break_holder] -->  grid-column: 1\/-1;<!-- [et_pb_line_break_holder] -->}<!-- [et_pb_line_break_holder] --><!-- [et_pb_line_break_holder] -->.ds-grid-blog-1 .et_pb_ajax_pagination_container {<!-- [et_pb_line_break_holder] -->  display: grid;<!-- [et_pb_line_break_holder] -->  grid-template-columns: repeat(2, 1fr);<!-- [et_pb_line_break_holder] -->  grid-gap: var(--ds-grid-gap);<!-- [et_pb_line_break_holder] -->}<!-- [et_pb_line_break_holder] --><!-- [et_pb_line_break_holder] -->.ds-grid-blog-2 .et_pb_ajax_pagination_container {<!-- [et_pb_line_break_holder] -->  display: grid;<!-- [et_pb_line_break_holder] -->  grid-template-columns: repeat(auto-fill, minmax(var(--ds-grid-2-item), 1fr));<!-- [et_pb_line_break_holder] -->  grid-gap: var(--ds-grid-gap);<!-- [et_pb_line_break_holder] -->}<!-- [et_pb_line_break_holder] --><!-- [et_pb_line_break_holder] -->.ds-grid-blog-1 .et_pb_post:first-child {<!-- [et_pb_line_break_holder] -->  grid-column: 1 \/ -1;<!-- [et_pb_line_break_holder] -->}<!-- [et_pb_line_break_holder] --><!-- [et_pb_line_break_holder] -->.ds-grid-blog-1 .et_pb_post:nth-child(2) {<!-- [et_pb_line_break_holder] -->  grid-column: 1 \/ 2;<!-- [et_pb_line_break_holder] -->  position: relative;<!-- [et_pb_line_break_holder] -->  overflow: hidden;<!-- [et_pb_line_break_holder] -->}<!-- [et_pb_line_break_holder] --><!-- [et_pb_line_break_holder] -->.ds-grid-blog-1 .et_pb_post:nth-child(3) {<!-- [et_pb_line_break_holder] -->  grid-column: 2 \/ 3;<!-- [et_pb_line_break_holder] -->  position: relative;<!-- [et_pb_line_break_holder] -->  overflow: hidden;<!-- [et_pb_line_break_holder] -->}<!-- [et_pb_line_break_holder] --><!-- [et_pb_line_break_holder] -->\/* Primer post *\/<!-- [et_pb_line_break_holder] -->.ds-grid-blog-1 .et_pb_post:first-child .ds-grid-blog-content {<!-- [et_pb_line_break_holder] -->  width: 60%;<!-- [et_pb_line_break_holder] -->  padding: 30px;<!-- [et_pb_line_break_holder] -->  justify-content: space-between;<!-- [et_pb_line_break_holder] -->}<!-- [et_pb_line_break_holder] --><!-- [et_pb_line_break_holder] -->\/* SOLO posts 2 y 3 con overlay *\/<!-- [et_pb_line_break_holder] -->.ds-grid-blog-1 .et_pb_post:nth-child(2) .ds-grid-blog-content,<!-- [et_pb_line_break_holder] -->.ds-grid-blog-1 .et_pb_post:nth-child(3) .ds-grid-blog-content {<!-- [et_pb_line_break_holder] -->  background: var(--ds-title-background);<!-- [et_pb_line_break_holder] -->  position: absolute;<!-- [et_pb_line_break_holder] -->  left: 0;<!-- [et_pb_line_break_holder] -->  right: 0;<!-- [et_pb_line_break_holder] -->  bottom: 0;<!-- [et_pb_line_break_holder] -->  min-height: 78px;<!-- [et_pb_line_break_holder] -->  align-items: center;<!-- [et_pb_line_break_holder] -->  justify-content: center;<!-- [et_pb_line_break_holder] -->  padding: 12px 16px;<!-- [et_pb_line_break_holder] -->  text-align: center;<!-- [et_pb_line_break_holder] -->  z-index: 2;<!-- [et_pb_line_break_holder] -->}<!-- [et_pb_line_break_holder] --><!-- [et_pb_line_break_holder] -->.ds-grid-blog-1 .et_pb_post:nth-child(2) .entry-title,<!-- [et_pb_line_break_holder] -->.ds-grid-blog-1 .et_pb_post:nth-child(3) .entry-title {<!-- [et_pb_line_break_holder] -->  font-size: 140% !important;<!-- [et_pb_line_break_holder] -->  line-height: 1.22 !important;<!-- [et_pb_line_break_holder] -->  margin: 0 0 6px 0 !important;<!-- [et_pb_line_break_holder] -->}<!-- [et_pb_line_break_holder] --><!-- [et_pb_line_break_holder] -->.ds-grid-blog-1 .et_pb_post:nth-child(2) .entry-title a,<!-- [et_pb_line_break_holder] -->.ds-grid-blog-1 .et_pb_post:nth-child(3) .entry-title a,<!-- [et_pb_line_break_holder] -->.ds-grid-blog-1 .et_pb_post:nth-child(2) .post-meta,<!-- [et_pb_line_break_holder] -->.ds-grid-blog-1 .et_pb_post:nth-child(3) .post-meta,<!-- [et_pb_line_break_holder] -->.ds-grid-blog-1 .et_pb_post:nth-child(2) .post-meta a,<!-- [et_pb_line_break_holder] -->.ds-grid-blog-1 .et_pb_post:nth-child(3) .post-meta a {<!-- [et_pb_line_break_holder] -->  color: var(--ds-white) !important;<!-- [et_pb_line_break_holder] -->}<!-- [et_pb_line_break_holder] --><!-- [et_pb_line_break_holder] -->.ds-grid-blog-1 .et_pb_post:nth-child(2) .post-meta,<!-- [et_pb_line_break_holder] -->.ds-grid-blog-1 .et_pb_post:nth-child(3) .post-meta {<!-- [et_pb_line_break_holder] -->  font-size: 10px;<!-- [et_pb_line_break_holder] -->  line-height: 1.3;<!-- [et_pb_line_break_holder] -->  margin: 0;<!-- [et_pb_line_break_holder] -->}<!-- [et_pb_line_break_holder] --><!-- [et_pb_line_break_holder] -->\/* Ocultar extracto solo posts 2 y 3 + posts inferiores *\/<!-- [et_pb_line_break_holder] -->.ds-grid-blog-1 .et_pb_post:nth-child(2) .post-content,<!-- [et_pb_line_break_holder] -->.ds-grid-blog-1 .et_pb_post:nth-child(3) .post-content,<!-- [et_pb_line_break_holder] -->.ds-grid-blog-2 .et_pb_post .post-content p {<!-- [et_pb_line_break_holder] -->  display: none;<!-- [et_pb_line_break_holder] -->}<!-- [et_pb_line_break_holder] --><!-- [et_pb_line_break_holder] -->\/* Posts inferiores *\/<!-- [et_pb_line_break_holder] -->.ds-grid-blog-2 .et_pb_post .ds-grid-blog-content {<!-- [et_pb_line_break_holder] -->  padding: 30px;<!-- [et_pb_line_break_holder] -->  display: flex;<!-- [et_pb_line_break_holder] -->  justify-content: space-between;<!-- [et_pb_line_break_holder] -->  height: 100%;<!-- [et_pb_line_break_holder] -->}<!-- [et_pb_line_break_holder] --><!-- [et_pb_line_break_holder] -->.ds-grid-blog-2 .et_pb_post .entry-title {<!-- [et_pb_line_break_holder] -->  min-height: 72px;<!-- [et_pb_line_break_holder] -->  margin-bottom: 18px;<!-- [et_pb_line_break_holder] -->  line-height: 1.25;<!-- [et_pb_line_break_holder] -->}<!-- [et_pb_line_break_holder] --><!-- [et_pb_line_break_holder] -->.ds-grid-blog-2 .entry-title a {<!-- [et_pb_line_break_holder] -->  color: #4E7C63 !important;<!-- [et_pb_line_break_holder] -->  line-height: 1.25;<!-- [et_pb_line_break_holder] -->}<!-- [et_pb_line_break_holder] --><!-- [et_pb_line_break_holder] -->.ds-grid-blog-2 .et_pb_post .post-content {<!-- [et_pb_line_break_holder] -->  margin-top: auto;<!-- [et_pb_line_break_holder] -->}<!-- [et_pb_line_break_holder] --><!-- [et_pb_line_break_holder] -->\/* Links *\/<!-- [et_pb_line_break_holder] -->.ds-grid-blog a.more-link,<!-- [et_pb_line_break_holder] -->.ds-grid-blog .pagination a,<!-- [et_pb_line_break_holder] -->.pagination a,<!-- [et_pb_line_break_holder] -->.nav-previous a,<!-- [et_pb_line_break_holder] -->.nav-next a,<!-- [et_pb_line_break_holder] -->.wp-pagenavi a,<!-- [et_pb_line_break_holder] -->.et_pb_posts_nav a {<!-- [et_pb_line_break_holder] -->  color: #4E7C63 !important;<!-- [et_pb_line_break_holder] -->}<!-- [et_pb_line_break_holder] --><!-- [et_pb_line_break_holder] -->.ds-grid-blog a.more-link.et_pb_button {<!-- [et_pb_line_break_holder] -->  background: #4E7C63 !important;<!-- [et_pb_line_break_holder] -->  border-color: #4E7C63 !important;<!-- [et_pb_line_break_holder] -->  color: #fff !important;<!-- [et_pb_line_break_holder] -->  border-radius: 30px;<!-- [et_pb_line_break_holder] -->  font-size: 11px;<!-- [et_pb_line_break_holder] -->  padding: 6px 14px !important;<!-- [et_pb_line_break_holder] -->}<!-- [et_pb_line_break_holder] --><!-- [et_pb_line_break_holder] -->\/* Mobile *\/<!-- [et_pb_line_break_holder] -->@media all and (max-width:980px) {<!-- [et_pb_line_break_holder] -->  .ds-grid-blog-1 .et_pb_post:first-child {<!-- [et_pb_line_break_holder] -->    flex-direction: column;<!-- [et_pb_line_break_holder] -->  }<!-- [et_pb_line_break_holder] --><!-- [et_pb_line_break_holder] -->  .ds-grid-blog-1 .et_pb_post:first-child .ds-grid-blog-content {<!-- [et_pb_line_break_holder] -->    width: 100%;<!-- [et_pb_line_break_holder] -->  }<!-- [et_pb_line_break_holder] --><!-- [et_pb_line_break_holder] -->  .ds-grid-blog-1 .et_pb_post {<!-- [et_pb_line_break_holder] -->    grid-column: 1 \/ -1 !important;<!-- [et_pb_line_break_holder] -->  }<!-- [et_pb_line_break_holder] -->}<!-- [et_pb_line_break_holder] --><\/style>\n<p>[\/et_pb_fullwidth_code][et_pb_fullwidth_code disabled_on=\u00a0\u00bboff|off|on\u00a0\u00bb admin_label=\u00a0\u00bbJS: You can leave it here or move to Divi > Theme Options > Integration > Add to head\u00a0\u00bb _builder_version=\u00a0\u00bb4.19.4&Prime; global_colors_info=\u00a0\u00bb{}\u00a0\u00bb]<script><!-- [et_pb_line_break_holder] -->(function ($) {<!-- [et_pb_line_break_holder] -->  function dsGridBlogLayout() {<!-- [et_pb_line_break_holder] -->    $(\".ds-grid-blog .et_pb_post\").each(function () {<!-- [et_pb_line_break_holder] -->      var $post = $(this);<!-- [et_pb_line_break_holder] --><!-- [et_pb_line_break_holder] -->      if (!$post.find(\".ds-grid-blog-image\").length) {<!-- [et_pb_line_break_holder] -->        $post.find(\".entry-featured-image-url\").wrapAll('<\/p>\n<div class=\"ds-grid-blog-image\"><\/div>\n<p>');<!-- [et_pb_line_break_holder] -->      }<!-- [et_pb_line_break_holder] --><!-- [et_pb_line_break_holder] -->      if (!$post.find(\".ds-grid-blog-content\").length) {<!-- [et_pb_line_break_holder] -->        $post.find(\".entry-title, .post-meta, .post-content\").wrapAll('<\/p>\n<div class=\"ds-grid-blog-content\"><\/div>\n<p>');<!-- [et_pb_line_break_holder] -->      }<!-- [et_pb_line_break_holder] --><!-- [et_pb_line_break_holder] -->      $post.find(\".post-meta\").insertBefore($post.find(\".entry-title\"));<!-- [et_pb_line_break_holder] -->      $post.find(\"a.more-link\").addClass(\"et_pb_button\");<!-- [et_pb_line_break_holder] -->    });<!-- [et_pb_line_break_holder] -->  }<!-- [et_pb_line_break_holder] --><!-- [et_pb_line_break_holder] -->  $(document).ready(function () {<!-- [et_pb_line_break_holder] -->    dsGridBlogLayout();<!-- [et_pb_line_break_holder] -->  });<!-- [et_pb_line_break_holder] --><!-- [et_pb_line_break_holder] -->  $(document).ajaxComplete(function () {<!-- [et_pb_line_break_holder] -->    dsGridBlogLayout();<!-- [et_pb_line_break_holder] -->  });<!-- [et_pb_line_break_holder] -->})(jQuery);<!-- [et_pb_line_break_holder] --><\/script>[\/et_pb_fullwidth_code][\/et_pb_section][et_pb_section fb_built=\u00a0\u00bb1&Prime; module_class=\u00a0\u00bbavm-product-cta-section\u00a0\u00bb _builder_version=\u00a0\u00bb4.19.4&Prime; background_color=\u00a0\u00bb#f5f5f5&Prime; custom_margin=\u00a0\u00bb0px||||false|false\u00a0\u00bb custom_padding=\u00a0\u00bb0px||||false|false\u00a0\u00bb locked=\u00a0\u00bboff\u00a0\u00bb global_colors_info=\u00a0\u00bb{}\u00a0\u00bb][et_pb_row module_class=\u00a0\u00bbds-blog-grid-row\u00a0\u00bb _builder_version=\u00a0\u00bb4.16&Prime; global_colors_info=\u00a0\u00bb{}\u00a0\u00bb][et_pb_column type=\u00a0\u00bb4_4&Prime; _builder_version=\u00a0\u00bb4.16&Prime; custom_padding=\u00a0\u00bb|||\u00a0\u00bb global_colors_info=\u00a0\u00bb{}\u00a0\u00bb custom_padding__hover=\u00a0\u00bb|||\u00a0\u00bb][et_pb_blog posts_number=\u00a0\u00bb3&Prime; show_more=\u00a0\u00bbon\u00a0\u00bb show_author=\u00a0\u00bboff\u00a0\u00bb show_pagination=\u00a0\u00bboff\u00a0\u00bb admin_label=\u00a0\u00bbBlog &#8211; First 3 posts\u00a0\u00bb module_class=\u00a0\u00bbds-grid-blog ds-grid-blog-1&Prime; _builder_version=\u00a0\u00bb4.19.4&Prime; header_font=\u00a0\u00bbPlayfair Display|700|||||||\u00a0\u00bb header_font_size=\u00a0\u00bb35px\u00a0\u00bb header_line_height=\u00a0\u00bb1.2em\u00a0\u00bb body_line_height=\u00a0\u00bb2em\u00a0\u00bb meta_font=\u00a0\u00bb|600||on|||||\u00a0\u00bb meta_text_color=\u00a0\u00bb#8c8c8c\u00a0\u00bb meta_font_size=\u00a0\u00bb10px\u00a0\u00bb meta_letter_spacing=\u00a0\u00bb3px\u00a0\u00bb custom_margin=\u00a0\u00bb||30px|\u00a0\u00bb global_colors_info=\u00a0\u00bb{}\u00a0\u00bb]\u00a0[\/et_pb_blog][\/et_pb_column][\/et_pb_row][et_pb_row column_structure=\u00a0\u00bb1_3,1_3,1_3&Prime; module_class=\u00a0\u00bbavm-product-cta\u00a0\u00bb _builder_version=\u00a0\u00bb4.19.4&Prime; _module_preset=\u00a0\u00bbdefault\u00a0\u00bb background_color=\u00a0\u00bb#FFFFFF\u00a0\u00bb custom_margin=\u00a0\u00bb||||false|false\u00a0\u00bb border_radii=\u00a0\u00bbon|1px|1px|1px|1px\u00a0\u00bb box_shadow_style=\u00a0\u00bbpreset1&Prime; box_shadow_vertical=\u00a0\u00bb1px\u00a0\u00bb box_shadow_blur=\u00a0\u00bb5px\u00a0\u00bb global_colors_info=\u00a0\u00bb{}\u00a0\u00bb][et_pb_column type=\u00a0\u00bb1_3&Prime; _builder_version=\u00a0\u00bb4.19.4&Prime; _module_preset=\u00a0\u00bbdefault\u00a0\u00bb global_colors_info=\u00a0\u00bb{}\u00a0\u00bb][et_pb_image src=\u00a0\u00bbhttps:\/\/aloeveraymas.com\/blog\/wp-content\/uploads\/2026\/04\/B00EO3GM2Y.MAIN_.jpeg\u00a0\u00bb title_text=\u00a0\u00bbGel d&apos;aloe vera pur des \u00eeles Canaries 250 ml\u00a0\u00bb url=\u00a0\u00bbhttps:\/\/aloeveraymas.com\/fr\/40140-gel-daloe-vera-100-pur-hydratant-et-apaisant-250-ml-8436024811445.html\u00a0\u00bb _builder_version=\u00a0\u00bb4.19.4&Prime; _module_preset=\u00a0\u00bbdefault\u00a0\u00bb global_colors_info=\u00a0\u00bb{}\u00a0\u00bb][\/et_pb_image][et_pb_text admin_label=\u00a0\u00bbNombre producto\u00a0\u00bb _builder_version=\u00a0\u00bb4.19.4&Prime; _module_preset=\u00a0\u00bbdefault\u00a0\u00bb hover_enabled=\u00a0\u00bb0&Prime; global_colors_info=\u00a0\u00bb{}\u00a0\u00bb sticky_enabled=\u00a0\u00bb0&Prime;]<\/p>\n<h4>Gel d&rsquo;aloe vera pur des \u00eeles Canaries 250 ml<\/h4>\n<p>[\/et_pb_text][et_pb_text admin_label=\u00a0\u00bbMini descripci\u00f3n\u00a0\u00bb _builder_version=\u00a0\u00bb4.19.4&Prime; _module_preset=\u00a0\u00bbdefault\u00a0\u00bb global_colors_info=\u00a0\u00bb{}\u00a0\u00bb]<\/p>\n<p>Ce gel d&rsquo;aloe vera 100 % pur est un soin naturel multifonctionnel con\u00e7u pour hydrater, apaiser et r\u00e9g\u00e9n\u00e9rer instantan\u00e9ment la peau.<\/p>\n<p>[\/et_pb_text][et_pb_button button_url=\u00a0\u00bbhttps:\/\/aloeveraymas.com\/fr\/40140-gel-daloe-vera-100-pur-hydratant-et-apaisant-250-ml-8436024811445.html\u00a0\u00bb button_text=\u00a0\u00bbVoir le produit\u00a0\u00bb _builder_version=\u00a0\u00bb4.19.4&Prime; _module_preset=\u00a0\u00bbdefault\u00a0\u00bb custom_button=\u00a0\u00bbon\u00a0\u00bb button_border_width=\u00a0\u00bb1px\u00a0\u00bb global_colors_info=\u00a0\u00bb{}\u00a0\u00bb][\/et_pb_button][\/et_pb_column][et_pb_column type=\u00a0\u00bb1_3&Prime; _builder_version=\u00a0\u00bb4.19.4&Prime; _module_preset=\u00a0\u00bbdefault\u00a0\u00bb global_colors_info=\u00a0\u00bb{}\u00a0\u00bb][et_pb_image src=\u00a0\u00bbhttps:\/\/aloeveraymas.com\/blog\/wp-content\/uploads\/2026\/04\/B018BKNAUC.MAIN_.jpg\u00a0\u00bb title_text=\u00a0\u00bbCr\u00e8me pour le corps. Aloe vera, rose musqu\u00e9e, vitamines A, C et E 250 ml\u00a0\u00bb url=\u00a0\u00bbhttps:\/\/aloeveraymas.com\/fr\/11320-lotion-pour-le-corps-aloe-rose-musquee-vit-a-c-e.html\u00a0\u00bb _builder_version=\u00a0\u00bb4.19.4&Prime; _module_preset=\u00a0\u00bbdefault\u00a0\u00bb global_colors_info=\u00a0\u00bb{}\u00a0\u00bb][\/et_pb_image][et_pb_text admin_label=\u00a0\u00bbNombre producto\u00a0\u00bb _builder_version=\u00a0\u00bb4.19.4&Prime; _module_preset=\u00a0\u00bbdefault\u00a0\u00bb global_colors_info=\u00a0\u00bb{}\u00a0\u00bb]<\/p>\n<h4>Cr\u00e8me pour le corps. Aloe vera, rose musqu\u00e9e, vitamines A, C et E 250 ml<\/h4>\n<p>[\/et_pb_text][et_pb_text admin_label=\u00a0\u00bbMini descripci\u00f3n\u00a0\u00bb _builder_version=\u00a0\u00bb4.19.4&Prime; _module_preset=\u00a0\u00bbdefault\u00a0\u00bb global_colors_info=\u00a0\u00bb{}\u00a0\u00bb]<\/p>\n<p>Sa fonction est d&rsquo;hydrater, de r\u00e9g\u00e9n\u00e9rer et d&rsquo;apporter des vitamines antioxydantes. Elle p\u00e9n\u00e8tre rapidement et poss\u00e8de un parfum doux et agr\u00e9able. Convient \u00e9galement aux peaux s\u00e8ches et squameuses.<\/p>\n<p>[\/et_pb_text][et_pb_button button_url=\u00a0\u00bbhttps:\/\/aloeveraymas.com\/fr\/11320-lotion-pour-le-corps-aloe-rose-musquee-vit-a-c-e.html\u00a0\u00bb button_text=\u00a0\u00bbVoir le produit\u00a0\u00bb _builder_version=\u00a0\u00bb4.19.4&Prime; _module_preset=\u00a0\u00bbdefault\u00a0\u00bb global_colors_info=\u00a0\u00bb{}\u00a0\u00bb][\/et_pb_button][\/et_pb_column][et_pb_column type=\u00a0\u00bb1_3&Prime; _builder_version=\u00a0\u00bb4.19.4&Prime; _module_preset=\u00a0\u00bbdefault\u00a0\u00bb global_colors_info=\u00a0\u00bb{}\u00a0\u00bb][et_pb_image src=\u00a0\u00bbhttps:\/\/aloeveraymas.com\/blog\/wp-content\/uploads\/2026\/04\/160420-MAIN.jpg\u00a0\u00bb title_text=\u00a0\u00bbAloe Comfort &#8211; Gel de massage \u00e0 l&apos;aloe vera et \u00e0 l&apos;arnica\u00a0\u00bb url=\u00a0\u00bbhttps:\/\/aloeveraymas.com\/fr\/160420-45-aloe-confor-gel-de-massage-a-l-aloe-vera-et-a-l-arnica-soulagement-immediat-avec-effet-chaud-et-froid.html#\/37-taille-250_ml\u00a0\u00bb _builder_version=\u00a0\u00bb4.19.4&Prime; _module_preset=\u00a0\u00bbdefault\u00a0\u00bb global_colors_info=\u00a0\u00bb{}\u00a0\u00bb][\/et_pb_image][et_pb_text admin_label=\u00a0\u00bbNombre producto\u00a0\u00bb _builder_version=\u00a0\u00bb4.19.4&Prime; _module_preset=\u00a0\u00bbdefault\u00a0\u00bb global_colors_info=\u00a0\u00bb{}\u00a0\u00bb]<\/p>\n<h4>Aloe Comfort &#8211; Gel de massage \u00e0 l&rsquo;aloe vera et \u00e0 l&rsquo;arnica<\/h4>\n<p>[\/et_pb_text][et_pb_text admin_label=\u00a0\u00bbMini descripci\u00f3n\u00a0\u00bb _builder_version=\u00a0\u00bb4.19.4&Prime; _module_preset=\u00a0\u00bbdefault\u00a0\u00bb global_colors_info=\u00a0\u00bb{}\u00a0\u00bb]<\/p>\n<p>Soulagement instantan\u00e9 gr\u00e2ce \u00e0 son effet chaud-froid. Il associe les propri\u00e9t\u00e9s apaisantes de l&rsquo;aloe vera aux bienfaits anti-inflammatoires de l&rsquo;arnica.<\/p>\n<p>[\/et_pb_text][et_pb_button button_url=\u00a0\u00bbhttps:\/\/aloeveraymas.com\/fr\/160420-45-aloe-confor-gel-de-massage-a-l-aloe-vera-et-a-l-arnica-soulagement-immediat-avec-effet-chaud-et-froid.html#\/37-taille-250_ml\u00a0\u00bb button_text=\u00a0\u00bbVoir le produit\u00a0\u00bb _builder_version=\u00a0\u00bb4.19.4&Prime; _module_preset=\u00a0\u00bbdefault\u00a0\u00bb global_colors_info=\u00a0\u00bb{}\u00a0\u00bb][\/et_pb_button][\/et_pb_column][\/et_pb_row][et_pb_row module_class=\u00a0\u00bbds-blog-grid-row\u00a0\u00bb _builder_version=\u00a0\u00bb4.16&Prime; global_colors_info=\u00a0\u00bb{}\u00a0\u00bb][et_pb_column type=\u00a0\u00bb4_4&Prime; _builder_version=\u00a0\u00bb4.16&Prime; custom_padding=\u00a0\u00bb|||\u00a0\u00bb global_colors_info=\u00a0\u00bb{}\u00a0\u00bb custom_padding__hover=\u00a0\u00bb|||\u00a0\u00bb][et_pb_blog posts_number=\u00a0\u00bb6&Prime; show_more=\u00a0\u00bbon\u00a0\u00bb show_author=\u00a0\u00bboff\u00a0\u00bb offset_number=\u00a0\u00bb3&Prime; admin_label=\u00a0\u00bbBlog &#8211; Remaining posts\u00a0\u00bb module_class=\u00a0\u00bbds-grid-blog ds-grid-blog-2&Prime; _builder_version=\u00a0\u00bb4.16&Prime; header_font=\u00a0\u00bbPlayfair Display|700|||||||\u00a0\u00bb header_font_size=\u00a0\u00bb25px\u00a0\u00bb header_line_height=\u00a0\u00bb1.2em\u00a0\u00bb body_line_height=\u00a0\u00bb2em\u00a0\u00bb meta_font=\u00a0\u00bb|600||on|||||\u00a0\u00bb meta_text_color=\u00a0\u00bb#8c8c8c\u00a0\u00bb meta_font_size=\u00a0\u00bb10px\u00a0\u00bb meta_letter_spacing=\u00a0\u00bb3px\u00a0\u00bb global_colors_info=\u00a0\u00bb{}\u00a0\u00bb]\u00a0[\/et_pb_blog][\/et_pb_column][\/et_pb_row][\/et_pb_section]<\/p>\n","protected":false},"excerpt":{"rendered":"<p>\u00a0Gel d&rsquo;aloe vera pur des \u00eeles Canaries 250 mlCe gel d&rsquo;aloe vera 100 % pur est un soin naturel multifonctionnel con\u00e7u pour hydrater, apaiser et r\u00e9g\u00e9n\u00e9rer instantan\u00e9ment la peau.Cr\u00e8me pour le corps. Aloe vera, rose musqu\u00e9e, vitamines A, C et E 250 ml Sa fonction est d&rsquo;hydrater, de r\u00e9g\u00e9n\u00e9rer et d&rsquo;apporter des vitamines antioxydantes. Elle [&hellip;]<\/p>\n","protected":false},"author":1,"featured_media":0,"parent":0,"menu_order":0,"comment_status":"closed","ping_status":"closed","template":"","meta":{"_et_pb_use_builder":"on","_et_pb_old_content":"","_et_gb_content_width":"","footnotes":""},"class_list":["post-697","page","type-page","status-publish","hentry"],"_links":{"self":[{"href":"https:\/\/aloeveraymas.com\/blog\/fr\/wp-json\/wp\/v2\/pages\/697","targetHints":{"allow":["GET"]}}],"collection":[{"href":"https:\/\/aloeveraymas.com\/blog\/fr\/wp-json\/wp\/v2\/pages"}],"about":[{"href":"https:\/\/aloeveraymas.com\/blog\/fr\/wp-json\/wp\/v2\/types\/page"}],"author":[{"embeddable":true,"href":"https:\/\/aloeveraymas.com\/blog\/fr\/wp-json\/wp\/v2\/users\/1"}],"replies":[{"embeddable":true,"href":"https:\/\/aloeveraymas.com\/blog\/fr\/wp-json\/wp\/v2\/comments?post=697"}],"version-history":[{"count":4,"href":"https:\/\/aloeveraymas.com\/blog\/fr\/wp-json\/wp\/v2\/pages\/697\/revisions"}],"predecessor-version":[{"id":718,"href":"https:\/\/aloeveraymas.com\/blog\/fr\/wp-json\/wp\/v2\/pages\/697\/revisions\/718"}],"wp:attachment":[{"href":"https:\/\/aloeveraymas.com\/blog\/fr\/wp-json\/wp\/v2\/media?parent=697"}],"curies":[{"name":"wp","href":"https:\/\/api.w.org\/{rel}","templated":true}]}}