{"id":700,"date":"2026-04-28T17:54:21","date_gmt":"2026-04-28T15:54:21","guid":{"rendered":"https:\/\/aloeveraymas.com\/blog\/700-2\/"},"modified":"2026-04-28T20:55:48","modified_gmt":"2026-04-28T18:55:48","slug":"700-2","status":"publish","type":"page","link":"https:\/\/aloeveraymas.com\/blog\/de\/","title":{"rendered":""},"content":{"rendered":"<p>[et_pb_section fb_built=&#8220;1&#8243; fullwidth=&#8220;on&#8220; admin_label=&#8220;JS: This code wraps the title and caption in a container to allow for better positioning. You can leave it here or move to Divi > Theme Options > Integration > Add to head&#8220; _builder_version=&#8220;4.16&#8243; custom_padding=&#8220;0|0px|0px|0px|false|false&#8220; locked=&#8220;off&#8220; global_colors_info=&#8220;{}&#8220;][et_pb_fullwidth_code admin_label=&#8220;CSS: You can leave this here or move the code between the style tags to your child theme stylehseet or Divi > Theme Options > General > Custom CSS&#8220; _builder_version=&#8220;4.19.4&#8243; global_colors_info=&#8220;{}&#8220;]<\/p>\n<style><!-- [et_pb_line_break_holder] -->\/* CSS Grid Blog Layout - Aloeveraymas *\/<!-- [et_pb_line_break_holder] --><!-- [et_pb_line_break_holder] -->:root {<!-- [et_pb_line_break_holder] -->  --ds-white: #ffffff;<!-- [et_pb_line_break_holder] -->  --ds-grid-2-item: 250px;<!-- [et_pb_line_break_holder] -->  --ds-grid-gap: 30px;<!-- [et_pb_line_break_holder] -->  --ds-title-background: rgba(0, 0, 0, .28);<!-- [et_pb_line_break_holder] -->}<!-- [et_pb_line_break_holder] --><!-- [et_pb_line_break_holder] -->.ds-grid-blog .et_pb_post {<!-- [et_pb_line_break_holder] -->  display: flex;<!-- [et_pb_line_break_holder] -->  margin-bottom: 0;<!-- [et_pb_line_break_holder] -->}<!-- [et_pb_line_break_holder] --><!-- [et_pb_line_break_holder] -->.ds-grid-blog-2 .et_pb_post {<!-- [et_pb_line_break_holder] -->  flex-direction: column;<!-- [et_pb_line_break_holder] -->}<!-- [et_pb_line_break_holder] --><!-- [et_pb_line_break_holder] -->.ds-grid-blog-content {<!-- [et_pb_line_break_holder] -->  display: flex;<!-- [et_pb_line_break_holder] -->  flex-direction: column;<!-- [et_pb_line_break_holder] -->  background: var(--ds-white);<!-- [et_pb_line_break_holder] -->}<!-- [et_pb_line_break_holder] --><!-- [et_pb_line_break_holder] -->.ds-grid-blog .entry-featured-image-url {<!-- [et_pb_line_break_holder] -->  margin-bottom: 0;<!-- [et_pb_line_break_holder] -->  height: 100%;<!-- [et_pb_line_break_holder] -->  width: auto;<!-- [et_pb_line_break_holder] -->}<!-- [et_pb_line_break_holder] --><!-- [et_pb_line_break_holder] -->.ds-grid-blog .et_pb_post a img {<!-- [et_pb_line_break_holder] -->  height: 100%;<!-- [et_pb_line_break_holder] -->  object-fit: cover;<!-- [et_pb_line_break_holder] -->}<!-- [et_pb_line_break_holder] --><!-- [et_pb_line_break_holder] -->.ds-grid-blog a.more-link {<!-- [et_pb_line_break_holder] -->  display: initial;<!-- [et_pb_line_break_holder] -->}<!-- [et_pb_line_break_holder] --><!-- [et_pb_line_break_holder] -->.ds-grid-blog .post-content p {<!-- [et_pb_line_break_holder] -->  margin-bottom: 20px;<!-- [et_pb_line_break_holder] -->}<!-- [et_pb_line_break_holder] --><!-- [et_pb_line_break_holder] -->.ds-grid-blog .pagination {<!-- [et_pb_line_break_holder] -->  grid-column: 1\/-1;<!-- [et_pb_line_break_holder] -->}<!-- [et_pb_line_break_holder] --><!-- [et_pb_line_break_holder] -->.ds-grid-blog-1 .et_pb_ajax_pagination_container {<!-- [et_pb_line_break_holder] -->  display: grid;<!-- [et_pb_line_break_holder] -->  grid-template-columns: repeat(2, 1fr);<!-- [et_pb_line_break_holder] -->  grid-gap: var(--ds-grid-gap);<!-- [et_pb_line_break_holder] -->}<!-- [et_pb_line_break_holder] --><!-- [et_pb_line_break_holder] -->.ds-grid-blog-2 .et_pb_ajax_pagination_container {<!-- [et_pb_line_break_holder] -->  display: grid;<!-- [et_pb_line_break_holder] -->  grid-template-columns: repeat(auto-fill, minmax(var(--ds-grid-2-item), 1fr));<!-- [et_pb_line_break_holder] -->  grid-gap: var(--ds-grid-gap);<!-- [et_pb_line_break_holder] -->}<!-- [et_pb_line_break_holder] --><!-- [et_pb_line_break_holder] -->.ds-grid-blog-1 .et_pb_post:first-child {<!-- [et_pb_line_break_holder] -->  grid-column: 1 \/ -1;<!-- [et_pb_line_break_holder] -->}<!-- [et_pb_line_break_holder] --><!-- [et_pb_line_break_holder] -->.ds-grid-blog-1 .et_pb_post:nth-child(2) {<!-- [et_pb_line_break_holder] -->  grid-column: 1 \/ 2;<!-- [et_pb_line_break_holder] -->  position: relative;<!-- [et_pb_line_break_holder] -->  overflow: hidden;<!-- [et_pb_line_break_holder] -->}<!-- [et_pb_line_break_holder] --><!-- [et_pb_line_break_holder] -->.ds-grid-blog-1 .et_pb_post:nth-child(3) {<!-- [et_pb_line_break_holder] -->  grid-column: 2 \/ 3;<!-- [et_pb_line_break_holder] -->  position: relative;<!-- [et_pb_line_break_holder] -->  overflow: hidden;<!-- [et_pb_line_break_holder] -->}<!-- [et_pb_line_break_holder] --><!-- [et_pb_line_break_holder] -->\/* Primer post *\/<!-- [et_pb_line_break_holder] -->.ds-grid-blog-1 .et_pb_post:first-child .ds-grid-blog-content {<!-- [et_pb_line_break_holder] -->  width: 60%;<!-- [et_pb_line_break_holder] -->  padding: 30px;<!-- [et_pb_line_break_holder] -->  justify-content: space-between;<!-- [et_pb_line_break_holder] -->}<!-- [et_pb_line_break_holder] --><!-- [et_pb_line_break_holder] -->\/* SOLO posts 2 y 3 con overlay *\/<!-- [et_pb_line_break_holder] -->.ds-grid-blog-1 .et_pb_post:nth-child(2) .ds-grid-blog-content,<!-- [et_pb_line_break_holder] -->.ds-grid-blog-1 .et_pb_post:nth-child(3) .ds-grid-blog-content {<!-- [et_pb_line_break_holder] -->  background: var(--ds-title-background);<!-- [et_pb_line_break_holder] -->  position: absolute;<!-- [et_pb_line_break_holder] -->  left: 0;<!-- [et_pb_line_break_holder] -->  right: 0;<!-- [et_pb_line_break_holder] -->  bottom: 0;<!-- [et_pb_line_break_holder] -->  min-height: 78px;<!-- [et_pb_line_break_holder] -->  align-items: center;<!-- [et_pb_line_break_holder] -->  justify-content: center;<!-- [et_pb_line_break_holder] -->  padding: 12px 16px;<!-- [et_pb_line_break_holder] -->  text-align: center;<!-- [et_pb_line_break_holder] -->  z-index: 2;<!-- [et_pb_line_break_holder] -->}<!-- [et_pb_line_break_holder] --><!-- [et_pb_line_break_holder] -->.ds-grid-blog-1 .et_pb_post:nth-child(2) .entry-title,<!-- [et_pb_line_break_holder] -->.ds-grid-blog-1 .et_pb_post:nth-child(3) .entry-title {<!-- [et_pb_line_break_holder] -->  font-size: 140% !important;<!-- [et_pb_line_break_holder] -->  line-height: 1.22 !important;<!-- [et_pb_line_break_holder] -->  margin: 0 0 6px 0 !important;<!-- [et_pb_line_break_holder] -->}<!-- [et_pb_line_break_holder] --><!-- [et_pb_line_break_holder] -->.ds-grid-blog-1 .et_pb_post:nth-child(2) .entry-title a,<!-- [et_pb_line_break_holder] -->.ds-grid-blog-1 .et_pb_post:nth-child(3) .entry-title a,<!-- [et_pb_line_break_holder] -->.ds-grid-blog-1 .et_pb_post:nth-child(2) .post-meta,<!-- [et_pb_line_break_holder] -->.ds-grid-blog-1 .et_pb_post:nth-child(3) .post-meta,<!-- [et_pb_line_break_holder] -->.ds-grid-blog-1 .et_pb_post:nth-child(2) .post-meta a,<!-- [et_pb_line_break_holder] -->.ds-grid-blog-1 .et_pb_post:nth-child(3) .post-meta a {<!-- [et_pb_line_break_holder] -->  color: var(--ds-white) !important;<!-- [et_pb_line_break_holder] -->}<!-- [et_pb_line_break_holder] --><!-- [et_pb_line_break_holder] -->.ds-grid-blog-1 .et_pb_post:nth-child(2) .post-meta,<!-- [et_pb_line_break_holder] -->.ds-grid-blog-1 .et_pb_post:nth-child(3) .post-meta {<!-- [et_pb_line_break_holder] -->  font-size: 10px;<!-- [et_pb_line_break_holder] -->  line-height: 1.3;<!-- [et_pb_line_break_holder] -->  margin: 0;<!-- [et_pb_line_break_holder] -->}<!-- [et_pb_line_break_holder] --><!-- [et_pb_line_break_holder] -->\/* Ocultar extracto solo posts 2 y 3 + posts inferiores *\/<!-- [et_pb_line_break_holder] -->.ds-grid-blog-1 .et_pb_post:nth-child(2) .post-content,<!-- [et_pb_line_break_holder] -->.ds-grid-blog-1 .et_pb_post:nth-child(3) .post-content,<!-- [et_pb_line_break_holder] -->.ds-grid-blog-2 .et_pb_post .post-content p {<!-- [et_pb_line_break_holder] -->  display: none;<!-- [et_pb_line_break_holder] -->}<!-- [et_pb_line_break_holder] --><!-- [et_pb_line_break_holder] -->\/* Posts inferiores *\/<!-- [et_pb_line_break_holder] -->.ds-grid-blog-2 .et_pb_post .ds-grid-blog-content {<!-- [et_pb_line_break_holder] -->  padding: 30px;<!-- [et_pb_line_break_holder] -->  display: flex;<!-- [et_pb_line_break_holder] -->  justify-content: space-between;<!-- [et_pb_line_break_holder] -->  height: 100%;<!-- [et_pb_line_break_holder] -->}<!-- [et_pb_line_break_holder] --><!-- [et_pb_line_break_holder] -->.ds-grid-blog-2 .et_pb_post .entry-title {<!-- [et_pb_line_break_holder] -->  min-height: 72px;<!-- [et_pb_line_break_holder] -->  margin-bottom: 18px;<!-- [et_pb_line_break_holder] -->  line-height: 1.25;<!-- [et_pb_line_break_holder] -->}<!-- [et_pb_line_break_holder] --><!-- [et_pb_line_break_holder] -->.ds-grid-blog-2 .entry-title a {<!-- [et_pb_line_break_holder] -->  color: #4E7C63 !important;<!-- [et_pb_line_break_holder] -->  line-height: 1.25;<!-- [et_pb_line_break_holder] -->}<!-- [et_pb_line_break_holder] --><!-- [et_pb_line_break_holder] -->.ds-grid-blog-2 .et_pb_post .post-content {<!-- [et_pb_line_break_holder] -->  margin-top: auto;<!-- [et_pb_line_break_holder] -->}<!-- [et_pb_line_break_holder] --><!-- [et_pb_line_break_holder] -->\/* Links *\/<!-- [et_pb_line_break_holder] -->.ds-grid-blog a.more-link,<!-- [et_pb_line_break_holder] -->.ds-grid-blog .pagination a,<!-- [et_pb_line_break_holder] -->.pagination a,<!-- [et_pb_line_break_holder] -->.nav-previous a,<!-- [et_pb_line_break_holder] -->.nav-next a,<!-- [et_pb_line_break_holder] -->.wp-pagenavi a,<!-- [et_pb_line_break_holder] -->.et_pb_posts_nav a {<!-- [et_pb_line_break_holder] -->  color: #4E7C63 !important;<!-- [et_pb_line_break_holder] -->}<!-- [et_pb_line_break_holder] --><!-- [et_pb_line_break_holder] -->.ds-grid-blog a.more-link.et_pb_button {<!-- [et_pb_line_break_holder] -->  background: #4E7C63 !important;<!-- [et_pb_line_break_holder] -->  border-color: #4E7C63 !important;<!-- [et_pb_line_break_holder] -->  color: #fff !important;<!-- [et_pb_line_break_holder] -->  border-radius: 30px;<!-- [et_pb_line_break_holder] -->  font-size: 11px;<!-- [et_pb_line_break_holder] -->  padding: 6px 14px !important;<!-- [et_pb_line_break_holder] -->}<!-- [et_pb_line_break_holder] --><!-- [et_pb_line_break_holder] -->\/* Mobile *\/<!-- [et_pb_line_break_holder] -->@media all and (max-width:980px) {<!-- [et_pb_line_break_holder] -->  .ds-grid-blog-1 .et_pb_post:first-child {<!-- [et_pb_line_break_holder] -->    flex-direction: column;<!-- [et_pb_line_break_holder] -->  }<!-- [et_pb_line_break_holder] --><!-- [et_pb_line_break_holder] -->  .ds-grid-blog-1 .et_pb_post:first-child .ds-grid-blog-content {<!-- [et_pb_line_break_holder] -->    width: 100%;<!-- [et_pb_line_break_holder] -->  }<!-- [et_pb_line_break_holder] --><!-- [et_pb_line_break_holder] -->  .ds-grid-blog-1 .et_pb_post {<!-- [et_pb_line_break_holder] -->    grid-column: 1 \/ -1 !important;<!-- [et_pb_line_break_holder] -->  }<!-- [et_pb_line_break_holder] -->}<!-- [et_pb_line_break_holder] --><\/style>\n<p>[\/et_pb_fullwidth_code][et_pb_fullwidth_code disabled_on=&#8220;off|off|on&#8220; admin_label=&#8220;JS: You can leave it here or move to Divi > Theme Options > Integration > Add to head&#8220; _builder_version=&#8220;4.19.4&#8243; global_colors_info=&#8220;{}&#8220;]<script><!-- [et_pb_line_break_holder] -->(function ($) {<!-- [et_pb_line_break_holder] -->  function dsGridBlogLayout() {<!-- [et_pb_line_break_holder] -->    $(\".ds-grid-blog .et_pb_post\").each(function () {<!-- [et_pb_line_break_holder] -->      var $post = $(this);<!-- [et_pb_line_break_holder] --><!-- [et_pb_line_break_holder] -->      if (!$post.find(\".ds-grid-blog-image\").length) {<!-- [et_pb_line_break_holder] -->        $post.find(\".entry-featured-image-url\").wrapAll('<\/p>\n<div class=\"ds-grid-blog-image\"><\/div>\n<p>');<!-- [et_pb_line_break_holder] -->      }<!-- [et_pb_line_break_holder] --><!-- [et_pb_line_break_holder] -->      if (!$post.find(\".ds-grid-blog-content\").length) {<!-- [et_pb_line_break_holder] -->        $post.find(\".entry-title, .post-meta, .post-content\").wrapAll('<\/p>\n<div class=\"ds-grid-blog-content\"><\/div>\n<p>');<!-- [et_pb_line_break_holder] -->      }<!-- [et_pb_line_break_holder] --><!-- [et_pb_line_break_holder] -->      $post.find(\".post-meta\").insertBefore($post.find(\".entry-title\"));<!-- [et_pb_line_break_holder] -->      $post.find(\"a.more-link\").addClass(\"et_pb_button\");<!-- [et_pb_line_break_holder] -->    });<!-- [et_pb_line_break_holder] -->  }<!-- [et_pb_line_break_holder] --><!-- [et_pb_line_break_holder] -->  $(document).ready(function () {<!-- [et_pb_line_break_holder] -->    dsGridBlogLayout();<!-- [et_pb_line_break_holder] -->  });<!-- [et_pb_line_break_holder] --><!-- [et_pb_line_break_holder] -->  $(document).ajaxComplete(function () {<!-- [et_pb_line_break_holder] -->    dsGridBlogLayout();<!-- [et_pb_line_break_holder] -->  });<!-- [et_pb_line_break_holder] -->})(jQuery);<!-- [et_pb_line_break_holder] --><\/script>[\/et_pb_fullwidth_code][\/et_pb_section][et_pb_section fb_built=&#8220;1&#8243; module_class=&#8220;avm-product-cta-section&#8220; _builder_version=&#8220;4.19.4&#8243; background_color=&#8220;#f5f5f5&#8243; custom_margin=&#8220;0px||||false|false&#8220; custom_padding=&#8220;0px||||false|false&#8220; locked=&#8220;off&#8220; global_colors_info=&#8220;{}&#8220;][et_pb_row module_class=&#8220;ds-blog-grid-row&#8220; _builder_version=&#8220;4.16&#8243; global_colors_info=&#8220;{}&#8220;][et_pb_column type=&#8220;4_4&#8243; _builder_version=&#8220;4.16&#8243; custom_padding=&#8220;|||&#8220; global_colors_info=&#8220;{}&#8220; custom_padding__hover=&#8220;|||&#8220;][et_pb_blog posts_number=&#8220;3&#8243; show_more=&#8220;on&#8220; show_author=&#8220;off&#8220; show_pagination=&#8220;off&#8220; admin_label=&#8220;Blog &#8211; First 3 posts&#8220; module_class=&#8220;ds-grid-blog ds-grid-blog-1&#8243; _builder_version=&#8220;4.19.4&#8243; header_font=&#8220;Playfair Display|700|||||||&#8220; header_font_size=&#8220;35px&#8220; header_line_height=&#8220;1.2em&#8220; body_line_height=&#8220;2em&#8220; meta_font=&#8220;|600||on|||||&#8220; meta_text_color=&#8220;#8c8c8c&#8220; meta_font_size=&#8220;10px&#8220; meta_letter_spacing=&#8220;3px&#8220; custom_margin=&#8220;||30px|&#8220; global_colors_info=&#8220;{}&#8220;]\u00a0[\/et_pb_blog][\/et_pb_column][\/et_pb_row][et_pb_row column_structure=&#8220;1_3,1_3,1_3&#8243; module_class=&#8220;avm-product-cta&#8220; _builder_version=&#8220;4.19.4&#8243; _module_preset=&#8220;default&#8220; background_color=&#8220;#FFFFFF&#8220; custom_margin=&#8220;||||false|false&#8220; border_radii=&#8220;on|1px|1px|1px|1px&#8220; box_shadow_style=&#8220;preset1&#8243; box_shadow_vertical=&#8220;1px&#8220; box_shadow_blur=&#8220;5px&#8220; global_colors_info=&#8220;{}&#8220;][et_pb_column type=&#8220;1_3&#8243; _builder_version=&#8220;4.19.4&#8243; _module_preset=&#8220;default&#8220; global_colors_info=&#8220;{}&#8220;][et_pb_image src=&#8220;https:\/\/aloeveraymas.com\/blog\/wp-content\/uploads\/2026\/04\/B00EO3GM2Y.MAIN_.jpeg&#8220; title_text=&#8220;Reines Aloe-Vera-Gel von den Kanarischen Inseln, 250 ml&#8220; url=&#8220;https:\/\/aloeveraymas.com\/de\/40140-100-reines-aloe-vera-gel-feuchtigkeitsspendend-und-beruhigend-250-ml-8436024811445.html&#8220; _builder_version=&#8220;4.19.4&#8243; _module_preset=&#8220;default&#8220; global_colors_info=&#8220;{}&#8220;][\/et_pb_image][et_pb_text admin_label=&#8220;Nombre producto&#8220; _builder_version=&#8220;4.19.4&#8243; _module_preset=&#8220;default&#8220; hover_enabled=&#8220;0&#8243; global_colors_info=&#8220;{}&#8220; sticky_enabled=&#8220;0&#8243;]<\/p>\n<h4><strong>Reines Aloe-Vera-Gel von den Kanarischen Inseln, 250 ml<\/strong><\/h4>\n<p>[\/et_pb_text][et_pb_text admin_label=&#8220;Mini descripci\u00f3n&#8220; _builder_version=&#8220;4.19.4&#8243; _module_preset=&#8220;default&#8220; global_colors_info=&#8220;{}&#8220;]<\/p>\n<p>100 % reines Aloe-Vera-Gel ist eine multifunktionale, nat\u00fcrliche Pflege, die die Haut sofort mit Feuchtigkeit versorgt, beruhigt und regeneriert.<\/p>\n<p>[\/et_pb_text][et_pb_button button_url=&#8220;https:\/\/aloeveraymas.com\/de\/40140-100-reines-aloe-vera-gel-feuchtigkeitsspendend-und-beruhigend-250-ml-8436024811445.html&#8220; button_text=&#8220;Produkt ansehen&#8220; _builder_version=&#8220;4.19.4&#8243; _module_preset=&#8220;default&#8220; custom_button=&#8220;on&#8220; button_border_width=&#8220;1px&#8220; global_colors_info=&#8220;{}&#8220;][\/et_pb_button][\/et_pb_column][et_pb_column type=&#8220;1_3&#8243; _builder_version=&#8220;4.19.4&#8243; _module_preset=&#8220;default&#8220; global_colors_info=&#8220;{}&#8220;][et_pb_image src=&#8220;https:\/\/aloeveraymas.com\/blog\/wp-content\/uploads\/2026\/04\/B018BKNAUC.MAIN_.jpg&#8220; title_text=&#8220;K\u00f6rpercreme. Aloe, Hagebutte, Vitamin A, C, E, 250 ml&#8220; url=&#8220;https:\/\/aloeveraymas.com\/de\/11320-creme-fur-den-korper-aloe-vera-hagebutten-und-vit-a-c-e.html&#8220; _builder_version=&#8220;4.19.4&#8243; _module_preset=&#8220;default&#8220; global_colors_info=&#8220;{}&#8220;][\/et_pb_image][et_pb_text admin_label=&#8220;Nombre producto&#8220; _builder_version=&#8220;4.19.4&#8243; _module_preset=&#8220;default&#8220; global_colors_info=&#8220;{}&#8220;]<\/p>\n<h4><strong>K\u00f6rpercreme. Aloe, Hagebutte, Vitamin A, C, E, 250 ml<\/strong><\/h4>\n<p>[\/et_pb_text][et_pb_text admin_label=&#8220;Mini descripci\u00f3n&#8220; _builder_version=&#8220;4.19.4&#8243; _module_preset=&#8220;default&#8220; global_colors_info=&#8220;{}&#8220;]<\/p>\n<p>Spendet Feuchtigkeit, regeneriert und versorgt die Haut mit antioxidativen Vitaminen. Zieht schnell ein und hat einen zarten, angenehmen Duft. Auch f\u00fcr schuppige Haut geeignet.<\/p>\n<p>[\/et_pb_text][et_pb_button button_url=&#8220;https:\/\/aloeveraymas.com\/de\/11320-creme-fur-den-korper-aloe-vera-hagebutten-und-vit-a-c-e.html&#8220; button_text=&#8220;Produkt ansehen&#8220; _builder_version=&#8220;4.19.4&#8243; _module_preset=&#8220;default&#8220; global_colors_info=&#8220;{}&#8220;][\/et_pb_button][\/et_pb_column][et_pb_column type=&#8220;1_3&#8243; _builder_version=&#8220;4.19.4&#8243; _module_preset=&#8220;default&#8220; global_colors_info=&#8220;{}&#8220;][et_pb_image src=&#8220;https:\/\/aloeveraymas.com\/blog\/wp-content\/uploads\/2026\/04\/160420-MAIN.jpg&#8220; title_text=&#8220;Aloe Comfort \u2013 Massagegel mit Aloe Vera und Arnika&#8220; url=&#8220;https:\/\/aloeveraymas.com\/de\/160420-45-aloe-comfort-massagegel-mit-aloe-vera-und-arnika-sofortige-linderung-mit-kaelte-und-waermeeffekt-.html#\/37-grosse-250_ml&#8220; _builder_version=&#8220;4.19.4&#8243; _module_preset=&#8220;default&#8220; global_colors_info=&#8220;{}&#8220;][\/et_pb_image][et_pb_text admin_label=&#8220;Nombre producto&#8220; _builder_version=&#8220;4.19.4&#8243; _module_preset=&#8220;default&#8220; global_colors_info=&#8220;{}&#8220;]<\/p>\n<h4><strong>Aloe Comfort \u2013 Massagegel mit Aloe Vera und Arnika<\/strong><\/h4>\n<p>[\/et_pb_text][et_pb_text admin_label=&#8220;Mini descripci\u00f3n&#8220; _builder_version=&#8220;4.19.4&#8243; _module_preset=&#8220;default&#8220; global_colors_info=&#8220;{}&#8220;]<\/p>\n<p>Sofortige Linderung durch W\u00e4rme- und K\u00e4lteeffekt. Es vereint die beruhigenden Eigenschaften der Aloe Vera mit den entz\u00fcndungshemmenden Vorteilen der Arnika.<\/p>\n<p>[\/et_pb_text][et_pb_button button_url=&#8220;https:\/\/aloeveraymas.com\/de\/160420-45-aloe-comfort-massagegel-mit-aloe-vera-und-arnika-sofortige-linderung-mit-kaelte-und-waermeeffekt-.html#\/37-grosse-250_ml&#8220; button_text=&#8220;Produkt ansehen&#8220; _builder_version=&#8220;4.19.4&#8243; _module_preset=&#8220;default&#8220; global_colors_info=&#8220;{}&#8220;][\/et_pb_button][\/et_pb_column][\/et_pb_row][et_pb_row module_class=&#8220;ds-blog-grid-row&#8220; _builder_version=&#8220;4.16&#8243; global_colors_info=&#8220;{}&#8220;][et_pb_column type=&#8220;4_4&#8243; _builder_version=&#8220;4.16&#8243; custom_padding=&#8220;|||&#8220; global_colors_info=&#8220;{}&#8220; custom_padding__hover=&#8220;|||&#8220;][et_pb_blog posts_number=&#8220;6&#8243; show_more=&#8220;on&#8220; show_author=&#8220;off&#8220; offset_number=&#8220;3&#8243; admin_label=&#8220;Blog &#8211; Remaining posts&#8220; module_class=&#8220;ds-grid-blog ds-grid-blog-2&#8243; _builder_version=&#8220;4.16&#8243; header_font=&#8220;Playfair Display|700|||||||&#8220; header_font_size=&#8220;25px&#8220; header_line_height=&#8220;1.2em&#8220; body_line_height=&#8220;2em&#8220; meta_font=&#8220;|600||on|||||&#8220; meta_text_color=&#8220;#8c8c8c&#8220; meta_font_size=&#8220;10px&#8220; meta_letter_spacing=&#8220;3px&#8220; global_colors_info=&#8220;{}&#8220;]\u00a0[\/et_pb_blog][\/et_pb_column][\/et_pb_row][\/et_pb_section]<\/p>\n","protected":false},"excerpt":{"rendered":"<p>\u00a0Reines Aloe-Vera-Gel von den Kanarischen Inseln, 250 ml100 % reines Aloe-Vera-Gel ist eine multifunktionale, nat\u00fcrliche Pflege, die die Haut sofort mit Feuchtigkeit versorgt, beruhigt und regeneriert.K\u00f6rpercreme. Aloe, Hagebutte, Vitamin A, C, E, 250 ml Spendet Feuchtigkeit, regeneriert und versorgt die Haut mit antioxidativen Vitaminen. Zieht schnell ein und hat einen zarten, angenehmen Duft. Auch f\u00fcr [&hellip;]<\/p>\n","protected":false},"author":1,"featured_media":0,"parent":0,"menu_order":0,"comment_status":"closed","ping_status":"closed","template":"","meta":{"_et_pb_use_builder":"on","_et_pb_old_content":"","_et_gb_content_width":"","footnotes":""},"class_list":["post-700","page","type-page","status-publish","hentry"],"_links":{"self":[{"href":"https:\/\/aloeveraymas.com\/blog\/de\/wp-json\/wp\/v2\/pages\/700","targetHints":{"allow":["GET"]}}],"collection":[{"href":"https:\/\/aloeveraymas.com\/blog\/de\/wp-json\/wp\/v2\/pages"}],"about":[{"href":"https:\/\/aloeveraymas.com\/blog\/de\/wp-json\/wp\/v2\/types\/page"}],"author":[{"embeddable":true,"href":"https:\/\/aloeveraymas.com\/blog\/de\/wp-json\/wp\/v2\/users\/1"}],"replies":[{"embeddable":true,"href":"https:\/\/aloeveraymas.com\/blog\/de\/wp-json\/wp\/v2\/comments?post=700"}],"version-history":[{"count":4,"href":"https:\/\/aloeveraymas.com\/blog\/de\/wp-json\/wp\/v2\/pages\/700\/revisions"}],"predecessor-version":[{"id":720,"href":"https:\/\/aloeveraymas.com\/blog\/de\/wp-json\/wp\/v2\/pages\/700\/revisions\/720"}],"wp:attachment":[{"href":"https:\/\/aloeveraymas.com\/blog\/de\/wp-json\/wp\/v2\/media?parent=700"}],"curies":[{"name":"wp","href":"https:\/\/api.w.org\/{rel}","templated":true}]}}