{"id":670,"date":"2026-04-28T17:54:21","date_gmt":"2026-04-28T15:54:21","guid":{"rendered":"https:\/\/aloeveraymas.com\/blog\/670-2\/"},"modified":"2026-04-28T20:52:47","modified_gmt":"2026-04-28T18:52:47","slug":"670-2","status":"publish","type":"page","link":"https:\/\/aloeveraymas.com\/blog\/ca\/","title":{"rendered":""},"content":{"rendered":"<p>[et_pb_section fb_built=&#8221;1&#8243; fullwidth=&#8221;on&#8221; admin_label=&#8221;JS: This code wraps the title and caption in a container to allow for better positioning. You can leave it here or move to Divi > Theme Options > Integration > Add to head&#8221; _builder_version=&#8221;4.16&#8243; custom_padding=&#8221;0|0px|0px|0px|false|false&#8221; locked=&#8221;off&#8221; global_colors_info=&#8221;{}&#8221;][et_pb_fullwidth_code admin_label=&#8221;CSS: You can leave this here or move the code between the style tags to your child theme stylehseet or Divi > Theme Options > General > Custom CSS&#8221; _builder_version=&#8221;4.19.4&#8243; global_colors_info=&#8221;{}&#8221;]<\/p>\n<style><!-- [et_pb_line_break_holder] -->\/* CSS Grid Blog Layout - Aloeveraymas *\/<!-- [et_pb_line_break_holder] --><!-- [et_pb_line_break_holder] -->:root {<!-- [et_pb_line_break_holder] -->  --ds-white: #ffffff;<!-- [et_pb_line_break_holder] -->  --ds-grid-2-item: 250px;<!-- [et_pb_line_break_holder] -->  --ds-grid-gap: 30px;<!-- [et_pb_line_break_holder] -->  --ds-title-background: rgba(0, 0, 0, .28);<!-- [et_pb_line_break_holder] -->}<!-- [et_pb_line_break_holder] --><!-- [et_pb_line_break_holder] -->.ds-grid-blog .et_pb_post {<!-- [et_pb_line_break_holder] -->  display: flex;<!-- [et_pb_line_break_holder] -->  margin-bottom: 0;<!-- [et_pb_line_break_holder] -->}<!-- [et_pb_line_break_holder] --><!-- [et_pb_line_break_holder] -->.ds-grid-blog-2 .et_pb_post {<!-- [et_pb_line_break_holder] -->  flex-direction: column;<!-- [et_pb_line_break_holder] -->}<!-- [et_pb_line_break_holder] --><!-- [et_pb_line_break_holder] -->.ds-grid-blog-content {<!-- [et_pb_line_break_holder] -->  display: flex;<!-- [et_pb_line_break_holder] -->  flex-direction: column;<!-- [et_pb_line_break_holder] -->  background: var(--ds-white);<!-- [et_pb_line_break_holder] -->}<!-- [et_pb_line_break_holder] --><!-- [et_pb_line_break_holder] -->.ds-grid-blog .entry-featured-image-url {<!-- [et_pb_line_break_holder] -->  margin-bottom: 0;<!-- [et_pb_line_break_holder] -->  height: 100%;<!-- [et_pb_line_break_holder] -->  width: auto;<!-- [et_pb_line_break_holder] -->}<!-- [et_pb_line_break_holder] --><!-- [et_pb_line_break_holder] -->.ds-grid-blog .et_pb_post a img {<!-- [et_pb_line_break_holder] -->  height: 100%;<!-- [et_pb_line_break_holder] -->  object-fit: cover;<!-- [et_pb_line_break_holder] -->}<!-- [et_pb_line_break_holder] --><!-- [et_pb_line_break_holder] -->.ds-grid-blog a.more-link {<!-- [et_pb_line_break_holder] -->  display: initial;<!-- [et_pb_line_break_holder] -->}<!-- [et_pb_line_break_holder] --><!-- [et_pb_line_break_holder] -->.ds-grid-blog .post-content p {<!-- [et_pb_line_break_holder] -->  margin-bottom: 20px;<!-- [et_pb_line_break_holder] -->}<!-- [et_pb_line_break_holder] --><!-- [et_pb_line_break_holder] -->.ds-grid-blog .pagination {<!-- [et_pb_line_break_holder] -->  grid-column: 1\/-1;<!-- [et_pb_line_break_holder] -->}<!-- [et_pb_line_break_holder] --><!-- [et_pb_line_break_holder] -->.ds-grid-blog-1 .et_pb_ajax_pagination_container {<!-- [et_pb_line_break_holder] -->  display: grid;<!-- [et_pb_line_break_holder] -->  grid-template-columns: repeat(2, 1fr);<!-- [et_pb_line_break_holder] -->  grid-gap: var(--ds-grid-gap);<!-- [et_pb_line_break_holder] -->}<!-- [et_pb_line_break_holder] --><!-- [et_pb_line_break_holder] -->.ds-grid-blog-2 .et_pb_ajax_pagination_container {<!-- [et_pb_line_break_holder] -->  display: grid;<!-- [et_pb_line_break_holder] -->  grid-template-columns: repeat(auto-fill, minmax(var(--ds-grid-2-item), 1fr));<!-- [et_pb_line_break_holder] -->  grid-gap: var(--ds-grid-gap);<!-- [et_pb_line_break_holder] -->}<!-- [et_pb_line_break_holder] --><!-- [et_pb_line_break_holder] -->.ds-grid-blog-1 .et_pb_post:first-child {<!-- [et_pb_line_break_holder] -->  grid-column: 1 \/ -1;<!-- [et_pb_line_break_holder] -->}<!-- [et_pb_line_break_holder] --><!-- [et_pb_line_break_holder] -->.ds-grid-blog-1 .et_pb_post:nth-child(2) {<!-- [et_pb_line_break_holder] -->  grid-column: 1 \/ 2;<!-- [et_pb_line_break_holder] -->  position: relative;<!-- [et_pb_line_break_holder] -->  overflow: hidden;<!-- [et_pb_line_break_holder] -->}<!-- [et_pb_line_break_holder] --><!-- [et_pb_line_break_holder] -->.ds-grid-blog-1 .et_pb_post:nth-child(3) {<!-- [et_pb_line_break_holder] -->  grid-column: 2 \/ 3;<!-- [et_pb_line_break_holder] -->  position: relative;<!-- [et_pb_line_break_holder] -->  overflow: hidden;<!-- [et_pb_line_break_holder] -->}<!-- [et_pb_line_break_holder] --><!-- [et_pb_line_break_holder] -->\/* Primer post *\/<!-- [et_pb_line_break_holder] -->.ds-grid-blog-1 .et_pb_post:first-child .ds-grid-blog-content {<!-- [et_pb_line_break_holder] -->  width: 60%;<!-- [et_pb_line_break_holder] -->  padding: 30px;<!-- [et_pb_line_break_holder] -->  justify-content: space-between;<!-- [et_pb_line_break_holder] -->}<!-- [et_pb_line_break_holder] --><!-- [et_pb_line_break_holder] -->\/* SOLO posts 2 y 3 con overlay *\/<!-- [et_pb_line_break_holder] -->.ds-grid-blog-1 .et_pb_post:nth-child(2) .ds-grid-blog-content,<!-- [et_pb_line_break_holder] -->.ds-grid-blog-1 .et_pb_post:nth-child(3) .ds-grid-blog-content {<!-- [et_pb_line_break_holder] -->  background: var(--ds-title-background);<!-- [et_pb_line_break_holder] -->  position: absolute;<!-- [et_pb_line_break_holder] -->  left: 0;<!-- [et_pb_line_break_holder] -->  right: 0;<!-- [et_pb_line_break_holder] -->  bottom: 0;<!-- [et_pb_line_break_holder] -->  min-height: 78px;<!-- [et_pb_line_break_holder] -->  align-items: center;<!-- [et_pb_line_break_holder] -->  justify-content: center;<!-- [et_pb_line_break_holder] -->  padding: 12px 16px;<!-- [et_pb_line_break_holder] -->  text-align: center;<!-- [et_pb_line_break_holder] -->  z-index: 2;<!-- [et_pb_line_break_holder] -->}<!-- [et_pb_line_break_holder] --><!-- [et_pb_line_break_holder] -->.ds-grid-blog-1 .et_pb_post:nth-child(2) .entry-title,<!-- [et_pb_line_break_holder] -->.ds-grid-blog-1 .et_pb_post:nth-child(3) .entry-title {<!-- [et_pb_line_break_holder] -->  font-size: 140% !important;<!-- [et_pb_line_break_holder] -->  line-height: 1.22 !important;<!-- [et_pb_line_break_holder] -->  margin: 0 0 6px 0 !important;<!-- [et_pb_line_break_holder] -->}<!-- [et_pb_line_break_holder] --><!-- [et_pb_line_break_holder] -->.ds-grid-blog-1 .et_pb_post:nth-child(2) .entry-title a,<!-- [et_pb_line_break_holder] -->.ds-grid-blog-1 .et_pb_post:nth-child(3) .entry-title a,<!-- [et_pb_line_break_holder] -->.ds-grid-blog-1 .et_pb_post:nth-child(2) .post-meta,<!-- [et_pb_line_break_holder] -->.ds-grid-blog-1 .et_pb_post:nth-child(3) .post-meta,<!-- [et_pb_line_break_holder] -->.ds-grid-blog-1 .et_pb_post:nth-child(2) .post-meta a,<!-- [et_pb_line_break_holder] -->.ds-grid-blog-1 .et_pb_post:nth-child(3) .post-meta a {<!-- [et_pb_line_break_holder] -->  color: var(--ds-white) !important;<!-- [et_pb_line_break_holder] -->}<!-- [et_pb_line_break_holder] --><!-- [et_pb_line_break_holder] -->.ds-grid-blog-1 .et_pb_post:nth-child(2) .post-meta,<!-- [et_pb_line_break_holder] -->.ds-grid-blog-1 .et_pb_post:nth-child(3) .post-meta {<!-- [et_pb_line_break_holder] -->  font-size: 10px;<!-- [et_pb_line_break_holder] -->  line-height: 1.3;<!-- [et_pb_line_break_holder] -->  margin: 0;<!-- [et_pb_line_break_holder] -->}<!-- [et_pb_line_break_holder] --><!-- [et_pb_line_break_holder] -->\/* Ocultar extracto solo posts 2 y 3 + posts inferiores *\/<!-- [et_pb_line_break_holder] -->.ds-grid-blog-1 .et_pb_post:nth-child(2) .post-content,<!-- [et_pb_line_break_holder] -->.ds-grid-blog-1 .et_pb_post:nth-child(3) .post-content,<!-- [et_pb_line_break_holder] -->.ds-grid-blog-2 .et_pb_post .post-content p {<!-- [et_pb_line_break_holder] -->  display: none;<!-- [et_pb_line_break_holder] -->}<!-- [et_pb_line_break_holder] --><!-- [et_pb_line_break_holder] -->\/* Posts inferiores *\/<!-- [et_pb_line_break_holder] -->.ds-grid-blog-2 .et_pb_post .ds-grid-blog-content {<!-- [et_pb_line_break_holder] -->  padding: 30px;<!-- [et_pb_line_break_holder] -->  display: flex;<!-- [et_pb_line_break_holder] -->  justify-content: space-between;<!-- [et_pb_line_break_holder] -->  height: 100%;<!-- [et_pb_line_break_holder] -->}<!-- [et_pb_line_break_holder] --><!-- [et_pb_line_break_holder] -->.ds-grid-blog-2 .et_pb_post .entry-title {<!-- [et_pb_line_break_holder] -->  min-height: 72px;<!-- [et_pb_line_break_holder] -->  margin-bottom: 18px;<!-- [et_pb_line_break_holder] -->  line-height: 1.25;<!-- [et_pb_line_break_holder] -->}<!-- [et_pb_line_break_holder] --><!-- [et_pb_line_break_holder] -->.ds-grid-blog-2 .entry-title a {<!-- [et_pb_line_break_holder] -->  color: #4E7C63 !important;<!-- [et_pb_line_break_holder] -->  line-height: 1.25;<!-- [et_pb_line_break_holder] -->}<!-- [et_pb_line_break_holder] --><!-- [et_pb_line_break_holder] -->.ds-grid-blog-2 .et_pb_post .post-content {<!-- [et_pb_line_break_holder] -->  margin-top: auto;<!-- [et_pb_line_break_holder] -->}<!-- [et_pb_line_break_holder] --><!-- [et_pb_line_break_holder] -->\/* Links *\/<!-- [et_pb_line_break_holder] -->.ds-grid-blog a.more-link,<!-- [et_pb_line_break_holder] -->.ds-grid-blog .pagination a,<!-- [et_pb_line_break_holder] -->.pagination a,<!-- [et_pb_line_break_holder] -->.nav-previous a,<!-- [et_pb_line_break_holder] -->.nav-next a,<!-- [et_pb_line_break_holder] -->.wp-pagenavi a,<!-- [et_pb_line_break_holder] -->.et_pb_posts_nav a {<!-- [et_pb_line_break_holder] -->  color: #4E7C63 !important;<!-- [et_pb_line_break_holder] -->}<!-- [et_pb_line_break_holder] --><!-- [et_pb_line_break_holder] -->.ds-grid-blog a.more-link.et_pb_button {<!-- [et_pb_line_break_holder] -->  background: #4E7C63 !important;<!-- [et_pb_line_break_holder] -->  border-color: #4E7C63 !important;<!-- [et_pb_line_break_holder] -->  color: #fff !important;<!-- [et_pb_line_break_holder] -->  border-radius: 30px;<!-- [et_pb_line_break_holder] -->  font-size: 11px;<!-- [et_pb_line_break_holder] -->  padding: 6px 14px !important;<!-- [et_pb_line_break_holder] -->}<!-- [et_pb_line_break_holder] --><!-- [et_pb_line_break_holder] -->\/* Mobile *\/<!-- [et_pb_line_break_holder] -->@media all and (max-width:980px) {<!-- [et_pb_line_break_holder] -->  .ds-grid-blog-1 .et_pb_post:first-child {<!-- [et_pb_line_break_holder] -->    flex-direction: column;<!-- [et_pb_line_break_holder] -->  }<!-- [et_pb_line_break_holder] --><!-- [et_pb_line_break_holder] -->  .ds-grid-blog-1 .et_pb_post:first-child .ds-grid-blog-content {<!-- [et_pb_line_break_holder] -->    width: 100%;<!-- [et_pb_line_break_holder] -->  }<!-- [et_pb_line_break_holder] --><!-- [et_pb_line_break_holder] -->  .ds-grid-blog-1 .et_pb_post {<!-- [et_pb_line_break_holder] -->    grid-column: 1 \/ -1 !important;<!-- [et_pb_line_break_holder] -->  }<!-- [et_pb_line_break_holder] -->}<!-- [et_pb_line_break_holder] --><\/style>\n<p>[\/et_pb_fullwidth_code][et_pb_fullwidth_code disabled_on=&#8221;off|off|on&#8221; admin_label=&#8221;JS: You can leave it here or move to Divi > Theme Options > Integration > Add to head&#8221; _builder_version=&#8221;4.19.4&#8243; global_colors_info=&#8221;{}&#8221;]<script><!-- [et_pb_line_break_holder] -->(function ($) {<!-- [et_pb_line_break_holder] -->  function dsGridBlogLayout() {<!-- [et_pb_line_break_holder] -->    $(\".ds-grid-blog .et_pb_post\").each(function () {<!-- [et_pb_line_break_holder] -->      var $post = $(this);<!-- [et_pb_line_break_holder] --><!-- [et_pb_line_break_holder] -->      if (!$post.find(\".ds-grid-blog-image\").length) {<!-- [et_pb_line_break_holder] -->        $post.find(\".entry-featured-image-url\").wrapAll('<\/p>\n<div class=\"ds-grid-blog-image\"><\/div>\n<p>');<!-- [et_pb_line_break_holder] -->      }<!-- [et_pb_line_break_holder] --><!-- [et_pb_line_break_holder] -->      if (!$post.find(\".ds-grid-blog-content\").length) {<!-- [et_pb_line_break_holder] -->        $post.find(\".entry-title, .post-meta, .post-content\").wrapAll('<\/p>\n<div class=\"ds-grid-blog-content\"><\/div>\n<p>');<!-- [et_pb_line_break_holder] -->      }<!-- [et_pb_line_break_holder] --><!-- [et_pb_line_break_holder] -->      $post.find(\".post-meta\").insertBefore($post.find(\".entry-title\"));<!-- [et_pb_line_break_holder] -->      $post.find(\"a.more-link\").addClass(\"et_pb_button\");<!-- [et_pb_line_break_holder] -->    });<!-- [et_pb_line_break_holder] -->  }<!-- [et_pb_line_break_holder] --><!-- [et_pb_line_break_holder] -->  $(document).ready(function () {<!-- [et_pb_line_break_holder] -->    dsGridBlogLayout();<!-- [et_pb_line_break_holder] -->  });<!-- [et_pb_line_break_holder] --><!-- [et_pb_line_break_holder] -->  $(document).ajaxComplete(function () {<!-- [et_pb_line_break_holder] -->    dsGridBlogLayout();<!-- [et_pb_line_break_holder] -->  });<!-- [et_pb_line_break_holder] -->})(jQuery);<!-- [et_pb_line_break_holder] --><\/script>[\/et_pb_fullwidth_code][\/et_pb_section][et_pb_section fb_built=&#8221;1&#8243; module_class=&#8221;avm-product-cta-section&#8221; _builder_version=&#8221;4.19.4&#8243; background_color=&#8221;#f5f5f5&#8243; custom_margin=&#8221;0px||||false|false&#8221; custom_padding=&#8221;0px||||false|false&#8221; locked=&#8221;off&#8221; global_colors_info=&#8221;{}&#8221;][et_pb_row module_class=&#8221;ds-blog-grid-row&#8221; _builder_version=&#8221;4.16&#8243; global_colors_info=&#8221;{}&#8221;][et_pb_column type=&#8221;4_4&#8243; _builder_version=&#8221;4.16&#8243; custom_padding=&#8221;|||&#8221; global_colors_info=&#8221;{}&#8221; custom_padding__hover=&#8221;|||&#8221;][et_pb_blog posts_number=&#8221;3&#8243; show_more=&#8221;on&#8221; show_author=&#8221;off&#8221; show_pagination=&#8221;off&#8221; admin_label=&#8221;Blog &#8211; First 3 posts&#8221; module_class=&#8221;ds-grid-blog ds-grid-blog-1&#8243; _builder_version=&#8221;4.19.4&#8243; header_font=&#8221;Playfair Display|700|||||||&#8221; header_font_size=&#8221;35px&#8221; header_line_height=&#8221;1.2em&#8221; body_line_height=&#8221;2em&#8221; meta_font=&#8221;|600||on|||||&#8221; meta_text_color=&#8221;#8c8c8c&#8221; meta_font_size=&#8221;10px&#8221; meta_letter_spacing=&#8221;3px&#8221; custom_margin=&#8221;||30px|&#8221; global_colors_info=&#8221;{}&#8221;]\u00a0[\/et_pb_blog][\/et_pb_column][\/et_pb_row][et_pb_row column_structure=&#8221;1_3,1_3,1_3&#8243; module_class=&#8221;avm-product-cta&#8221; _builder_version=&#8221;4.19.4&#8243; _module_preset=&#8221;default&#8221; background_color=&#8221;#FFFFFF&#8221; custom_margin=&#8221;||||false|false&#8221; border_radii=&#8221;on|1px|1px|1px|1px&#8221; box_shadow_style=&#8221;preset1&#8243; box_shadow_vertical=&#8221;1px&#8221; box_shadow_blur=&#8221;5px&#8221; global_colors_info=&#8221;{}&#8221;][et_pb_column type=&#8221;1_3&#8243; _builder_version=&#8221;4.19.4&#8243; _module_preset=&#8221;default&#8221; global_colors_info=&#8221;{}&#8221;][et_pb_image src=&#8221;https:\/\/aloeveraymas.com\/blog\/wp-content\/uploads\/2026\/04\/B00EO3GM2Y.MAIN_.jpeg&#8221; title_text=&#8221;Gel d&apos;aloe vera pur de les Illes Canaries &#8211; 250ml&#8221; url=&#8221;https:\/\/aloeveraymas.com\/ca\/40140-gel-daloe-vera-100-pur-hidratant-i-calmante-250-ml-8436024811445.html&#8221; _builder_version=&#8221;4.19.4&#8243; _module_preset=&#8221;default&#8221; global_colors_info=&#8221;{}&#8221;][\/et_pb_image][et_pb_text admin_label=&#8221;Nombre producto&#8221; _builder_version=&#8221;4.19.4&#8243; _module_preset=&#8221;default&#8221; hover_enabled=&#8221;0&#8243; global_colors_info=&#8221;{}&#8221; sticky_enabled=&#8221;0&#8243;]<\/p>\n<h4><strong>Gel d&#8217;aloe vera pur de les Illes Canaries &#8211; 250ml<\/strong><\/h4>\n<p>[\/et_pb_text][et_pb_text admin_label=&#8221;Mini descripci\u00f3n&#8221; _builder_version=&#8221;4.19.4&#8243; _module_preset=&#8221;default&#8221; global_colors_info=&#8221;{}&#8221;]<\/p>\n<p><strong>Gel d&#8217;Aloe Vera 100% pur<\/strong> \u00e9s un tractament natural multifunci\u00f3 dissenyat per a <strong>hidratar, calmar i regenerar la pell<\/strong>\u00a0de forma inmediata.<\/p>\n<p>[\/et_pb_text][et_pb_button button_url=&#8221;https:\/\/aloeveraymas.com\/ca\/40140-gel-daloe-vera-100-pur-hidratant-i-calmante-250-ml-8436024811445.html&#8221; button_text=&#8221;Veure producte&#8221; _builder_version=&#8221;4.19.4&#8243; _module_preset=&#8221;default&#8221; custom_button=&#8221;on&#8221; button_border_width=&#8221;1px&#8221; global_colors_info=&#8221;{}&#8221;][\/et_pb_button][\/et_pb_column][et_pb_column type=&#8221;1_3&#8243; _builder_version=&#8221;4.19.4&#8243; _module_preset=&#8221;default&#8221; global_colors_info=&#8221;{}&#8221;][et_pb_image src=&#8221;https:\/\/aloeveraymas.com\/blog\/wp-content\/uploads\/2026\/04\/B018BKNAUC.MAIN_.jpg&#8221; title_text=&#8221;Crema corporal. Aloe, Rosa Mosqueta Vit. A, C, E 250ml&#8221; url=&#8221;https:\/\/aloeveraymas.com\/ca\/11320-crema-corporal-aloe-rosa-mosqueta-vit-a-ce.html&#8221; _builder_version=&#8221;4.19.4&#8243; _module_preset=&#8221;default&#8221; global_colors_info=&#8221;{}&#8221;][\/et_pb_image][et_pb_text admin_label=&#8221;Nombre producto&#8221; _builder_version=&#8221;4.19.4&#8243; _module_preset=&#8221;default&#8221; global_colors_info=&#8221;{}&#8221;]<\/p>\n<h4><strong>Crema corporal. Aloe, Rosa Mosqueta Vit. A, C, E 250ml <\/strong><\/h4>\n<p>[\/et_pb_text][et_pb_text admin_label=&#8221;Mini descripci\u00f3n&#8221; _builder_version=&#8221;4.19.4&#8243; _module_preset=&#8221;default&#8221; global_colors_info=&#8221;{}&#8221;]<\/p>\n<p>La seva funci\u00f3 \u00e9s <strong>hidratar<\/strong>, <strong>regenerar<\/strong> i aportar vitamines <strong>antioxidants<\/strong>. R\u00e0pida absorci\u00f3 i aroma suau i agradable. Indicada tamb\u00e9 per a pell escamada.<\/p>\n<p>[\/et_pb_text][et_pb_button button_url=&#8221;https:\/\/aloeveraymas.com\/ca\/11320-crema-corporal-aloe-rosa-mosqueta-vit-a-ce.html&#8221; button_text=&#8221;Veure producte&#8221; _builder_version=&#8221;4.19.4&#8243; _module_preset=&#8221;default&#8221; global_colors_info=&#8221;{}&#8221;][\/et_pb_button][\/et_pb_column][et_pb_column type=&#8221;1_3&#8243; _builder_version=&#8221;4.19.4&#8243; _module_preset=&#8221;default&#8221; global_colors_info=&#8221;{}&#8221;][et_pb_image src=&#8221;https:\/\/aloeveraymas.com\/blog\/wp-content\/uploads\/2026\/04\/160420-MAIN.jpg&#8221; title_text=&#8221;Aloe Confort &#8211; Gel de Massatge amb Aloe Vera i \u00c0rnica&#8221; url=&#8221;https:\/\/aloeveraymas.com\/ca\/160420-45-aloe-confort-gel-de-massatge-amb-aloe-vera-i-arnica-alleujament-instantani-amb-efecte-de-calor-i-fred-.html#\/37-mida-250_ml&#8221; _builder_version=&#8221;4.19.4&#8243; _module_preset=&#8221;default&#8221; global_colors_info=&#8221;{}&#8221;][\/et_pb_image][et_pb_text admin_label=&#8221;Nombre producto&#8221; _builder_version=&#8221;4.19.4&#8243; _module_preset=&#8221;default&#8221; global_colors_info=&#8221;{}&#8221;]<\/p>\n<h4><strong>Aloe Confort &#8211; Gel de Massatge amb Aloe Vera i \u00c0rnica<\/strong><\/h4>\n<p>[\/et_pb_text][et_pb_text admin_label=&#8221;Mini descripci\u00f3n&#8221; _builder_version=&#8221;4.19.4&#8243; _module_preset=&#8221;default&#8221; global_colors_info=&#8221;{}&#8221;]<\/p>\n<p>Alleugeriment Instantani amb <strong>Efecte Fred i Calor<\/strong>. combina les propietats calmants de l&#8217;\u00e0loe vera amb els beneficis antiinflamatoris de l&#8217;\u00e0rnica<\/p>\n<p>[\/et_pb_text][et_pb_button button_url=&#8221;https:\/\/aloeveraymas.com\/ca\/160420-45-aloe-confort-gel-de-massatge-amb-aloe-vera-i-arnica-alleujament-instantani-amb-efecte-de-calor-i-fred-.html#\/37-mida-250_ml&#8221; button_text=&#8221;Veure producte&#8221; _builder_version=&#8221;4.19.4&#8243; _module_preset=&#8221;default&#8221; global_colors_info=&#8221;{}&#8221;][\/et_pb_button][\/et_pb_column][\/et_pb_row][et_pb_row module_class=&#8221;ds-blog-grid-row&#8221; _builder_version=&#8221;4.16&#8243; global_colors_info=&#8221;{}&#8221;][et_pb_column type=&#8221;4_4&#8243; _builder_version=&#8221;4.16&#8243; custom_padding=&#8221;|||&#8221; global_colors_info=&#8221;{}&#8221; custom_padding__hover=&#8221;|||&#8221;]<\/p>\n<p>[et_pb_blog posts_number=&#8221;6&#8243; show_more=&#8221;on&#8221; show_author=&#8221;off&#8221; offset_number=&#8221;3&#8243; admin_label=&#8221;Blog &#8211; Remaining posts&#8221; module_class=&#8221;ds-grid-blog ds-grid-blog-2&#8243; _builder_version=&#8221;4.16&#8243; header_font=&#8221;Playfair Display|700|||||||&#8221; header_font_size=&#8221;25px&#8221; header_line_height=&#8221;1.2em&#8221; body_line_height=&#8221;2em&#8221; meta_font=&#8221;|600||on|||||&#8221; meta_text_color=&#8221;#8c8c8c&#8221; meta_font_size=&#8221;10px&#8221; meta_letter_spacing=&#8221;3px&#8221; global_colors_info=&#8221;{}&#8221;]\u00a0[\/et_pb_blog]<\/p>\n<p>[\/et_pb_column][\/et_pb_row][\/et_pb_section]<\/p>\n","protected":false},"excerpt":{"rendered":"<p>\u00a0Gel d&#8217;aloe vera pur de les Illes Canaries &#8211; 250mlGel d&#8217;Aloe Vera 100% pur \u00e9s un tractament natural multifunci\u00f3 dissenyat per a hidratar, calmar i regenerar la pell\u00a0de forma inmediata.Crema corporal. Aloe, Rosa Mosqueta Vit. A, C, E 250ml La seva funci\u00f3 \u00e9s hidratar, regenerar i aportar vitamines antioxidants. R\u00e0pida absorci\u00f3 i aroma suau i [&hellip;]<\/p>\n","protected":false},"author":1,"featured_media":0,"parent":0,"menu_order":0,"comment_status":"closed","ping_status":"closed","template":"","meta":{"_et_pb_use_builder":"on","_et_pb_old_content":"","_et_gb_content_width":"","footnotes":""},"class_list":["post-670","page","type-page","status-publish","hentry"],"_links":{"self":[{"href":"https:\/\/aloeveraymas.com\/blog\/ca\/wp-json\/wp\/v2\/pages\/670","targetHints":{"allow":["GET"]}}],"collection":[{"href":"https:\/\/aloeveraymas.com\/blog\/ca\/wp-json\/wp\/v2\/pages"}],"about":[{"href":"https:\/\/aloeveraymas.com\/blog\/ca\/wp-json\/wp\/v2\/types\/page"}],"author":[{"embeddable":true,"href":"https:\/\/aloeveraymas.com\/blog\/ca\/wp-json\/wp\/v2\/users\/1"}],"replies":[{"embeddable":true,"href":"https:\/\/aloeveraymas.com\/blog\/ca\/wp-json\/wp\/v2\/comments?post=670"}],"version-history":[{"count":4,"href":"https:\/\/aloeveraymas.com\/blog\/ca\/wp-json\/wp\/v2\/pages\/670\/revisions"}],"predecessor-version":[{"id":714,"href":"https:\/\/aloeveraymas.com\/blog\/ca\/wp-json\/wp\/v2\/pages\/670\/revisions\/714"}],"wp:attachment":[{"href":"https:\/\/aloeveraymas.com\/blog\/ca\/wp-json\/wp\/v2\/media?parent=670"}],"curies":[{"name":"wp","href":"https:\/\/api.w.org\/{rel}","templated":true}]}}